{"id":42902,"date":"2025-02-16T02:49:02","date_gmt":"2025-02-16T07:49:02","guid":{"rendered":"https:\/\/autoscardo.com\/product\/trek-m900-ice\/"},"modified":"2025-10-30T18:25:34","modified_gmt":"2025-10-30T22:25:34","slug":"trek-m900-ice","status":"publish","type":"product","link":"https:\/\/autoscardo.com\/fr\/produit\/trek-m900-ice\/","title":{"rendered":"TREK M900 ice"},"content":{"rendered":"<div class=\"flex max-w-full flex-col flex-grow\">\n<div class=\"min-h-8 text-message flex w-full flex-col items-end gap-2 whitespace-normal break-words text-start [.text-message+&amp;]:mt-5\" dir=\"auto\" data-message-author-role=\"assistant\" data-message-id=\"24b7ca4a-ddf8-4512-b308-a1a1168f45f4\" data-message-model-slug=\"gpt-4o\">\n<div class=\"flex w-full flex-col gap-1 empty:hidden first:pt-[3px]\">\n<div class=\"markdown prose w-full break-words dark:prose-invert dark\">\n<p data-start=\"0\" data-end=\"277\" data-is-last-node=\"\">The Maxtrek M900 is an affordable winter tire, approved for Quebec winters and compatible with optional crampons. It offers a cost-effective solution for safe winter driving. Other options in the same category include the Winter Claw Extreme and the Firestone Winterforce 2 UV.<\/p>\n<\/div>\n<\/div>\n<\/div>\n<\/div>\n","protected":false},"excerpt":{"rendered":"<p>Le Maxtrek M900 est un pneu d'hiver abordable, homologu\u00e9 pour les hivers qu\u00e9b\u00e9cois et compatible avec des crampons en option. Il constitue une solution \u00e9conomique pour une conduite hivernale s\u00e9curitaire. Parmi les autres options de la m\u00eame cat\u00e9gorie, on retrouve le **Winter Claw Extreme** et le **Firestone Winterforce 2 UV**.<\/p>","protected":false},"featured_media":45182,"comment_status":"open","ping_status":"closed","template":"","meta":{"_uag_custom_page_level_css":"","site-sidebar-layout":"default","site-content-layout":"","ast-site-content-layout":"default","site-content-style":"default","site-sidebar-style":"default","ast-global-header-display":"","ast-banner-title-visibility":"","ast-main-header-display":"","ast-hfb-above-header-display":"","ast-hfb-below-header-display":"","ast-hfb-mobile-header-display":"","site-post-title":"","ast-breadcrumbs-content":"","ast-featured-img":"","footer-sml-layout":"","ast-disable-related-posts":"","theme-transparent-header-meta":"default","adv-header-id-meta":"","stick-header-meta":"","header-above-stick-meta":"","header-main-stick-meta":"","header-below-stick-meta":"","astra-migrate-meta-layouts":"set","ast-page-background-enabled":"default","ast-page-background-meta":{"desktop":{"background-color":"","background-image":"","background-repeat":"repeat","background-position":"center center","background-size":"auto","background-attachment":"scroll","background-type":"","background-media":"","overlay-type":"","overlay-color":"","overlay-opacity":"","overlay-gradient":""},"tablet":{"background-color":"","background-image":"","background-repeat":"repeat","background-position":"center center","background-size":"auto","background-attachment":"scroll","background-type":"","background-media":"","overlay-type":"","overlay-color":"","overlay-opacity":"","overlay-gradient":""},"mobile":{"background-color":"","background-image":"","background-repeat":"repeat","background-position":"center center","background-size":"auto","background-attachment":"scroll","background-type":"","background-media":"","overlay-type":"","overlay-color":"","overlay-opacity":"","overlay-gradient":""}},"ast-content-background-meta":{"desktop":{"background-color":"var(--ast-global-color-5)","background-image":"","background-repeat":"repeat","background-position":"center center","background-size":"auto","background-attachment":"scroll","background-type":"","background-media":"","overlay-type":"","overlay-color":"","overlay-opacity":"","overlay-gradient":""},"tablet":{"background-color":"var(--ast-global-color-5)","background-image":"","background-repeat":"repeat","background-position":"center center","background-size":"auto","background-attachment":"scroll","background-type":"","background-media":"","overlay-type":"","overlay-color":"","overlay-opacity":"","overlay-gradient":""},"mobile":{"background-color":"var(--ast-global-color-5)","background-image":"","background-repeat":"repeat","background-position":"center center","background-size":"auto","background-attachment":"scroll","background-type":"","background-media":"","overlay-type":"","overlay-color":"","overlay-opacity":"","overlay-gradient":""}}},"product_brand":[],"product_cat":[1629,32],"product_tag":[],"class_list":{"0":"post-42902","1":"product","2":"type-product","3":"status-publish","4":"has-post-thumbnail","6":"product_cat-maxtrek","7":"product_cat-tires","8":"desktop-align-left","9":"tablet-align-left","10":"mobile-align-left","12":"first","13":"instock","14":"sale","15":"taxable","16":"shipping-taxable","17":"purchasable","18":"product-type-variable"},"uagb_featured_image_src":{"full":["https:\/\/autoscardo.com\/wp-content\/uploads\/2025\/02\/m900ice.jpg",500,500,false],"thumbnail":["https:\/\/autoscardo.com\/wp-content\/uploads\/2025\/02\/m900ice-150x150.jpg",150,150,true],"medium":["https:\/\/autoscardo.com\/wp-content\/uploads\/2025\/02\/m900ice-300x300.jpg",300,300,true],"medium_large":["https:\/\/autoscardo.com\/wp-content\/uploads\/2025\/02\/m900ice.jpg",500,500,false],"large":["https:\/\/autoscardo.com\/wp-content\/uploads\/2025\/02\/m900ice.jpg",500,500,false],"1536x1536":["https:\/\/autoscardo.com\/wp-content\/uploads\/2025\/02\/m900ice.jpg",500,500,false],"2048x2048":["https:\/\/autoscardo.com\/wp-content\/uploads\/2025\/02\/m900ice.jpg",500,500,false],"trp-custom-language-flag":["https:\/\/autoscardo.com\/wp-content\/uploads\/2025\/02\/m900ice-12x12.jpg",12,12,true],"woocommerce_thumbnail":["https:\/\/autoscardo.com\/wp-content\/uploads\/2025\/02\/m900ice-300x300.jpg",300,300,true],"woocommerce_single":["https:\/\/autoscardo.com\/wp-content\/uploads\/2025\/02\/m900ice.jpg",500,500,false],"woocommerce_gallery_thumbnail":["https:\/\/autoscardo.com\/wp-content\/uploads\/2025\/02\/m900ice-100x100.jpg",100,100,true]},"uagb_author_info":{"display_name":"wp_admin_user","author_link":"https:\/\/autoscardo.com\/fr\/author\/"},"uagb_comment_info":0,"uagb_excerpt":"The Maxtrek M900 is an affordable winter tire, approved for Quebec winters and compatible with optional crampons. It offers a cost-effective solution for safe winter driving. Other options in the same category include the Winter Claw Extreme and the Firestone Winterforce 2 UV.","_links":{"self":[{"href":"https:\/\/autoscardo.com\/fr\/wp-json\/wp\/v2\/product\/42902","targetHints":{"allow":["GET"]}}],"collection":[{"href":"https:\/\/autoscardo.com\/fr\/wp-json\/wp\/v2\/product"}],"about":[{"href":"https:\/\/autoscardo.com\/fr\/wp-json\/wp\/v2\/types\/product"}],"replies":[{"embeddable":true,"href":"https:\/\/autoscardo.com\/fr\/wp-json\/wp\/v2\/comments?post=42902"}],"wp:featuredmedia":[{"embeddable":true,"href":"https:\/\/autoscardo.com\/fr\/wp-json\/wp\/v2\/media\/45182"}],"wp:attachment":[{"href":"https:\/\/autoscardo.com\/fr\/wp-json\/wp\/v2\/media?parent=42902"}],"wp:term":[{"taxonomy":"product_brand","embeddable":true,"href":"https:\/\/autoscardo.com\/fr\/wp-json\/wp\/v2\/product_brand?post=42902"},{"taxonomy":"product_cat","embeddable":true,"href":"https:\/\/autoscardo.com\/fr\/wp-json\/wp\/v2\/product_cat?post=42902"},{"taxonomy":"product_tag","embeddable":true,"href":"https:\/\/autoscardo.com\/fr\/wp-json\/wp\/v2\/product_tag?post=42902"}],"curies":[{"name":"wp","href":"https:\/\/api.w.org\/{rel}","templated":true}]}}