{"id":42847,"date":"2025-02-16T02:36:53","date_gmt":"2025-02-16T07:36:53","guid":{"rendered":"https:\/\/autoscardo.com\/product\/trek-m7\/"},"modified":"2025-10-30T18:24:46","modified_gmt":"2025-10-30T22:24:46","slug":"trek-m7","status":"publish","type":"product","link":"https:\/\/autoscardo.com\/fr\/produit\/trek-m7\/","title":{"rendered":"TREK M7"},"content":{"rendered":"<p>Le **MAXTREK TREK M7 PLUS** est un pneu haute performance con\u00e7u pour les VUS, multisegments et camions l\u00e9gers. Son motif de bande de roulement directionnel, avec de larges blocs inclin\u00e9s, assure une excellente traction et stabilit\u00e9 sur routes s\u00e8ches et mouill\u00e9es. Fabriqu\u00e9 avec un compos\u00e9 riche en silice, il am\u00e9liore l\u2019adh\u00e9rence et la maniabilit\u00e9 tout en prolongeant la dur\u00e9e de vie de la bande de roulement. Ses quatre rainures circonf\u00e9rentielles \u00e9vacuent efficacement l\u2019eau, r\u00e9duisant ainsi le risque d\u2019aquaplanage et am\u00e9liorant la traction sur sol mouill\u00e9. Dans l\u2019ensemble, le **MAXTREK TREK M7 PLUS** offre des performances fiables et une tenue de route solide dans diverses conditions de conduite.<\/p>","protected":false},"excerpt":{"rendered":"<p>The MAXTREK TREK M7 PLUS is a high-performance tire designed for SUVs, crossovers, and light trucks. Its directional tread pattern, featuring large angled tread blocks, ensures excellent traction and stability in both wet and dry conditions. Built with a high-silica compound, it enhances grip and handling while extending tread life. Four circumferential grooves efficiently channel [&hellip;]<\/p>\n","protected":false},"featured_media":45184,"comment_status":"open","ping_status":"closed","template":"","meta":{"_uag_custom_page_level_css":"","site-sidebar-layout":"default","site-content-layout":"","ast-site-content-layout":"default","site-content-style":"default","site-sidebar-style":"default","ast-global-header-display":"","ast-banner-title-visibility":"","ast-main-header-display":"","ast-hfb-above-header-display":"","ast-hfb-below-header-display":"","ast-hfb-mobile-header-display":"","site-post-title":"","ast-breadcrumbs-content":"","ast-featured-img":"","footer-sml-layout":"","ast-disable-related-posts":"","theme-transparent-header-meta":"default","adv-header-id-meta":"","stick-header-meta":"","header-above-stick-meta":"","header-main-stick-meta":"","header-below-stick-meta":"","astra-migrate-meta-layouts":"set","ast-page-background-enabled":"default","ast-page-background-meta":{"desktop":{"background-color":"","background-image":"","background-repeat":"repeat","background-position":"center center","background-size":"auto","background-attachment":"scroll","background-type":"","background-media":"","overlay-type":"","overlay-color":"","overlay-opacity":"","overlay-gradient":""},"tablet":{"background-color":"","background-image":"","background-repeat":"repeat","background-position":"center center","background-size":"auto","background-attachment":"scroll","background-type":"","background-media":"","overlay-type":"","overlay-color":"","overlay-opacity":"","overlay-gradient":""},"mobile":{"background-color":"","background-image":"","background-repeat":"repeat","background-position":"center center","background-size":"auto","background-attachment":"scroll","background-type":"","background-media":"","overlay-type":"","overlay-color":"","overlay-opacity":"","overlay-gradient":""}},"ast-content-background-meta":{"desktop":{"background-color":"var(--ast-global-color-5)","background-image":"","background-repeat":"repeat","background-position":"center center","background-size":"auto","background-attachment":"scroll","background-type":"","background-media":"","overlay-type":"","overlay-color":"","overlay-opacity":"","overlay-gradient":""},"tablet":{"background-color":"var(--ast-global-color-5)","background-image":"","background-repeat":"repeat","background-position":"center center","background-size":"auto","background-attachment":"scroll","background-type":"","background-media":"","overlay-type":"","overlay-color":"","overlay-opacity":"","overlay-gradient":""},"mobile":{"background-color":"var(--ast-global-color-5)","background-image":"","background-repeat":"repeat","background-position":"center center","background-size":"auto","background-attachment":"scroll","background-type":"","background-media":"","overlay-type":"","overlay-color":"","overlay-opacity":"","overlay-gradient":""}}},"product_brand":[],"product_cat":[1629,32],"product_tag":[],"class_list":{"0":"post-42847","1":"product","2":"type-product","3":"status-publish","4":"has-post-thumbnail","6":"product_cat-maxtrek","7":"product_cat-tires","8":"desktop-align-left","9":"tablet-align-left","10":"mobile-align-left","12":"first","13":"instock","14":"sale","15":"taxable","16":"shipping-taxable","17":"purchasable","18":"product-type-variable"},"uagb_featured_image_src":{"full":["https:\/\/autoscardo.com\/wp-content\/uploads\/2025\/02\/m7.jpg",500,500,false],"thumbnail":["https:\/\/autoscardo.com\/wp-content\/uploads\/2025\/02\/m7-150x150.jpg",150,150,true],"medium":["https:\/\/autoscardo.com\/wp-content\/uploads\/2025\/02\/m7-300x300.jpg",300,300,true],"medium_large":["https:\/\/autoscardo.com\/wp-content\/uploads\/2025\/02\/m7.jpg",500,500,false],"large":["https:\/\/autoscardo.com\/wp-content\/uploads\/2025\/02\/m7.jpg",500,500,false],"1536x1536":["https:\/\/autoscardo.com\/wp-content\/uploads\/2025\/02\/m7.jpg",500,500,false],"2048x2048":["https:\/\/autoscardo.com\/wp-content\/uploads\/2025\/02\/m7.jpg",500,500,false],"trp-custom-language-flag":["https:\/\/autoscardo.com\/wp-content\/uploads\/2025\/02\/m7-12x12.jpg",12,12,true],"woocommerce_thumbnail":["https:\/\/autoscardo.com\/wp-content\/uploads\/2025\/02\/m7-300x300.jpg",300,300,true],"woocommerce_single":["https:\/\/autoscardo.com\/wp-content\/uploads\/2025\/02\/m7.jpg",500,500,false],"woocommerce_gallery_thumbnail":["https:\/\/autoscardo.com\/wp-content\/uploads\/2025\/02\/m7-100x100.jpg",100,100,true]},"uagb_author_info":{"display_name":"wp_admin_user","author_link":"https:\/\/autoscardo.com\/fr\/author\/"},"uagb_comment_info":0,"uagb_excerpt":"The MAXTREK TREK M7 PLUS is a high-performance tire designed for SUVs, crossovers, and light trucks. Its directional tread pattern, featuring large angled tread blocks, ensures excellent traction and stability in both wet and dry conditions. Built with a high-silica compound, it enhances grip and handling while extending tread life. Four circumferential grooves efficiently channel&hellip;","_links":{"self":[{"href":"https:\/\/autoscardo.com\/fr\/wp-json\/wp\/v2\/product\/42847","targetHints":{"allow":["GET"]}}],"collection":[{"href":"https:\/\/autoscardo.com\/fr\/wp-json\/wp\/v2\/product"}],"about":[{"href":"https:\/\/autoscardo.com\/fr\/wp-json\/wp\/v2\/types\/product"}],"replies":[{"embeddable":true,"href":"https:\/\/autoscardo.com\/fr\/wp-json\/wp\/v2\/comments?post=42847"}],"wp:featuredmedia":[{"embeddable":true,"href":"https:\/\/autoscardo.com\/fr\/wp-json\/wp\/v2\/media\/45184"}],"wp:attachment":[{"href":"https:\/\/autoscardo.com\/fr\/wp-json\/wp\/v2\/media?parent=42847"}],"wp:term":[{"taxonomy":"product_brand","embeddable":true,"href":"https:\/\/autoscardo.com\/fr\/wp-json\/wp\/v2\/product_brand?post=42847"},{"taxonomy":"product_cat","embeddable":true,"href":"https:\/\/autoscardo.com\/fr\/wp-json\/wp\/v2\/product_cat?post=42847"},{"taxonomy":"product_tag","embeddable":true,"href":"https:\/\/autoscardo.com\/fr\/wp-json\/wp\/v2\/product_tag?post=42847"}],"curies":[{"name":"wp","href":"https:\/\/api.w.org\/{rel}","templated":true}]}}