{"id":26142,"date":"2025-02-10T03:56:46","date_gmt":"2025-02-10T08:56:46","guid":{"rendered":"https:\/\/autoscardo.com\/product\/tiger-paw-ice-snow-4-3\/"},"modified":"2026-04-02T20:08:37","modified_gmt":"2026-04-03T00:08:37","slug":"tiger-paw-ice-snow-4-3","status":"publish","type":"product","link":"https:\/\/autoscardo.com\/fr\/produit\/tiger-paw-ice-snow-4-3\/","title":{"rendered":"TIGER PAW ICE AND SNOW 4"},"content":{"rendered":"<p>Pneu d'hiver optimis\u00e9 pour une traction exceptionnelle sur la neige et la glace.<br \/>\nCon\u00e7u pour am\u00e9liorer la s\u00e9curit\u00e9 et la stabilit\u00e9 par temps froid et glacial.<br \/>\nMotif de bande de roulement adapt\u00e9 pour \u00e9vacuer efficacement la gadoue et l'eau.<br \/>\nOffre une conduite confortable et silencieuse tout en maintenant la long\u00e9vit\u00e9 du pneu.<\/p>\n<p>Ice \/ Traction : 7 \/ 10<br \/>\nSnow \/ Traction : 9.5 \/ 10<br \/>\nUsure : 9 \/ 10<br \/>\nComfort : 7 \/ 10<\/p>","protected":false},"excerpt":{"rendered":"<p>Winter tire optimized for exceptional traction on snow and ice. Designed to improve safety and stability in cold and icy conditions. Tread pattern adapted to efficiently evacuate slush and water. Provides a comfortable, quiet ride while maintaining tire longevity. Ice \/ Traction : 7 \/ 10 Snow \/ Traction : 9.5 \/ 10 Wear : [&hellip;]<\/p>\n","protected":false},"featured_media":26141,"comment_status":"open","ping_status":"closed","template":"","meta":{"_uag_custom_page_level_css":"","site-sidebar-layout":"default","site-content-layout":"","ast-site-content-layout":"default","site-content-style":"default","site-sidebar-style":"default","ast-global-header-display":"","ast-banner-title-visibility":"","ast-main-header-display":"","ast-hfb-above-header-display":"","ast-hfb-below-header-display":"","ast-hfb-mobile-header-display":"","site-post-title":"","ast-breadcrumbs-content":"","ast-featured-img":"","footer-sml-layout":"","ast-disable-related-posts":"","theme-transparent-header-meta":"default","adv-header-id-meta":"","stick-header-meta":"","header-above-stick-meta":"","header-main-stick-meta":"","header-below-stick-meta":"","astra-migrate-meta-layouts":"set","ast-page-background-enabled":"default","ast-page-background-meta":{"desktop":{"background-color":"","background-image":"","background-repeat":"repeat","background-position":"center center","background-size":"auto","background-attachment":"scroll","background-type":"","background-media":"","overlay-type":"","overlay-color":"","overlay-opacity":"","overlay-gradient":""},"tablet":{"background-color":"","background-image":"","background-repeat":"repeat","background-position":"center center","background-size":"auto","background-attachment":"scroll","background-type":"","background-media":"","overlay-type":"","overlay-color":"","overlay-opacity":"","overlay-gradient":""},"mobile":{"background-color":"","background-image":"","background-repeat":"repeat","background-position":"center center","background-size":"auto","background-attachment":"scroll","background-type":"","background-media":"","overlay-type":"","overlay-color":"","overlay-opacity":"","overlay-gradient":""}},"ast-content-background-meta":{"desktop":{"background-color":"var(--ast-global-color-5)","background-image":"","background-repeat":"repeat","background-position":"center center","background-size":"auto","background-attachment":"scroll","background-type":"","background-media":"","overlay-type":"","overlay-color":"","overlay-opacity":"","overlay-gradient":""},"tablet":{"background-color":"var(--ast-global-color-5)","background-image":"","background-repeat":"repeat","background-position":"center center","background-size":"auto","background-attachment":"scroll","background-type":"","background-media":"","overlay-type":"","overlay-color":"","overlay-opacity":"","overlay-gradient":""},"mobile":{"background-color":"var(--ast-global-color-5)","background-image":"","background-repeat":"repeat","background-position":"center center","background-size":"auto","background-attachment":"scroll","background-type":"","background-media":"","overlay-type":"","overlay-color":"","overlay-opacity":"","overlay-gradient":""}}},"product_brand":[],"product_cat":[32,1541],"product_tag":[],"class_list":{"0":"post-26142","1":"product","2":"type-product","3":"status-publish","4":"has-post-thumbnail","6":"product_cat-tires","7":"product_cat-uniroyal","8":"desktop-align-left","9":"tablet-align-left","10":"mobile-align-left","12":"first","13":"instock","14":"sale","15":"taxable","16":"shipping-taxable","17":"purchasable","18":"product-type-variable"},"uagb_featured_image_src":{"full":["https:\/\/autoscardo.com\/wp-content\/uploads\/2025\/02\/full_pleinpied_hiresTIGER20PAW20I-2.jpg",800,778,false],"thumbnail":["https:\/\/autoscardo.com\/wp-content\/uploads\/2025\/02\/full_pleinpied_hiresTIGER20PAW20I-2-150x150.jpg",150,150,true],"medium":["https:\/\/autoscardo.com\/wp-content\/uploads\/2025\/02\/full_pleinpied_hiresTIGER20PAW20I-2-300x292.jpg",300,292,true],"medium_large":["https:\/\/autoscardo.com\/wp-content\/uploads\/2025\/02\/full_pleinpied_hiresTIGER20PAW20I-2-768x747.jpg",768,747,true],"large":["https:\/\/autoscardo.com\/wp-content\/uploads\/2025\/02\/full_pleinpied_hiresTIGER20PAW20I-2.jpg",800,778,false],"1536x1536":["https:\/\/autoscardo.com\/wp-content\/uploads\/2025\/02\/full_pleinpied_hiresTIGER20PAW20I-2.jpg",800,778,false],"2048x2048":["https:\/\/autoscardo.com\/wp-content\/uploads\/2025\/02\/full_pleinpied_hiresTIGER20PAW20I-2.jpg",800,778,false],"trp-custom-language-flag":["https:\/\/autoscardo.com\/wp-content\/uploads\/2025\/02\/full_pleinpied_hiresTIGER20PAW20I-2-12x12.jpg",12,12,true],"woocommerce_thumbnail":["https:\/\/autoscardo.com\/wp-content\/uploads\/2025\/02\/full_pleinpied_hiresTIGER20PAW20I-2-300x300.jpg",300,300,true],"woocommerce_single":["https:\/\/autoscardo.com\/wp-content\/uploads\/2025\/02\/full_pleinpied_hiresTIGER20PAW20I-2-600x584.jpg",600,584,true],"woocommerce_gallery_thumbnail":["https:\/\/autoscardo.com\/wp-content\/uploads\/2025\/02\/full_pleinpied_hiresTIGER20PAW20I-2-100x100.jpg",100,100,true]},"uagb_author_info":{"display_name":"wp_admin_user","author_link":"https:\/\/autoscardo.com\/fr\/author\/"},"uagb_comment_info":0,"uagb_excerpt":"Winter tire optimized for exceptional traction on snow and ice. Designed to improve safety and stability in cold and icy conditions. Tread pattern adapted to efficiently evacuate slush and water. Provides a comfortable, quiet ride while maintaining tire longevity. Ice \/ Traction : 7 \/ 10 Snow \/ Traction : 9.5 \/ 10 Wear :&hellip;","_links":{"self":[{"href":"https:\/\/autoscardo.com\/fr\/wp-json\/wp\/v2\/product\/26142","targetHints":{"allow":["GET"]}}],"collection":[{"href":"https:\/\/autoscardo.com\/fr\/wp-json\/wp\/v2\/product"}],"about":[{"href":"https:\/\/autoscardo.com\/fr\/wp-json\/wp\/v2\/types\/product"}],"replies":[{"embeddable":true,"href":"https:\/\/autoscardo.com\/fr\/wp-json\/wp\/v2\/comments?post=26142"}],"wp:featuredmedia":[{"embeddable":true,"href":"https:\/\/autoscardo.com\/fr\/wp-json\/wp\/v2\/media\/26141"}],"wp:attachment":[{"href":"https:\/\/autoscardo.com\/fr\/wp-json\/wp\/v2\/media?parent=26142"}],"wp:term":[{"taxonomy":"product_brand","embeddable":true,"href":"https:\/\/autoscardo.com\/fr\/wp-json\/wp\/v2\/product_brand?post=26142"},{"taxonomy":"product_cat","embeddable":true,"href":"https:\/\/autoscardo.com\/fr\/wp-json\/wp\/v2\/product_cat?post=26142"},{"taxonomy":"product_tag","embeddable":true,"href":"https:\/\/autoscardo.com\/fr\/wp-json\/wp\/v2\/product_tag?post=26142"}],"curies":[{"name":"wp","href":"https:\/\/api.w.org\/{rel}","templated":true}]}}