{"id":25330,"date":"2025-02-09T16:56:28","date_gmt":"2025-02-09T21:56:28","guid":{"rendered":"https:\/\/autoscardo.com\/product\/winguard-sport-2-suv\/"},"modified":"2026-03-21T00:37:56","modified_gmt":"2026-03-21T04:37:56","slug":"winguard-sport-2-suv","status":"publish","type":"product","link":"https:\/\/autoscardo.com\/fr\/produit\/winguard-sport-2-suv\/","title":{"rendered":"WINGUARD SPORT 2 SUV"},"content":{"rendered":"<p>La conduite hivernale et la performance sur longue distance atteignent un nouveau niveau avec le Winguard Sport 2.<br \/>\nSa lamellisation haute densit\u00e9 am\u00e9liore l\u2019adh\u00e9rence au freinage sur routes glac\u00e9es et enneig\u00e9es, tout en augmentant la long\u00e9vit\u00e9.<br \/>\nLa traction et la prise en virage, que ce soit sur neige ou sur sol sec, sont am\u00e9lior\u00e9es gr\u00e2ce \u00e0 la bande de roulement directionnelle. Les larges rainures \u00e9vacuent efficacement l'eau pour offrir une performance anti-aquaplanage.<\/p>\n<p>Ice \/ Traction : 7 \/ 10<br \/>\nSnow \/ Traction : 8.5 \/ 10<br \/>\nWear : 8 \/ 10<br \/>\nConfort : 8 \/ 10<br \/>\nHandling : 8.5 \/ 10<\/p>","protected":false},"excerpt":{"rendered":"<p>Winter driving and long mileage performance are raised to the next level with the Winguard Sport 2. Its high-density multi-sipe elevates grip for braking on icy and snowy roads, simultaneously increasing longevity. Snowy or dry traction and cornering are improved with the directional tread. Large wide grooves effectively drain water for anti-hydroplaning performance. Ice \/ [&hellip;]<\/p>\n","protected":false},"featured_media":25329,"comment_status":"open","ping_status":"closed","template":"","meta":{"_uag_custom_page_level_css":"","site-sidebar-layout":"default","site-content-layout":"","ast-site-content-layout":"default","site-content-style":"default","site-sidebar-style":"default","ast-global-header-display":"","ast-banner-title-visibility":"","ast-main-header-display":"","ast-hfb-above-header-display":"","ast-hfb-below-header-display":"","ast-hfb-mobile-header-display":"","site-post-title":"","ast-breadcrumbs-content":"","ast-featured-img":"","footer-sml-layout":"","ast-disable-related-posts":"","theme-transparent-header-meta":"","adv-header-id-meta":"","stick-header-meta":"","header-above-stick-meta":"","header-main-stick-meta":"","header-below-stick-meta":"","astra-migrate-meta-layouts":"default","ast-page-background-enabled":"default","ast-page-background-meta":{"desktop":{"background-color":"","background-image":"","background-repeat":"repeat","background-position":"center center","background-size":"auto","background-attachment":"scroll","background-type":"","background-media":"","overlay-type":"","overlay-color":"","overlay-opacity":"","overlay-gradient":""},"tablet":{"background-color":"","background-image":"","background-repeat":"repeat","background-position":"center center","background-size":"auto","background-attachment":"scroll","background-type":"","background-media":"","overlay-type":"","overlay-color":"","overlay-opacity":"","overlay-gradient":""},"mobile":{"background-color":"","background-image":"","background-repeat":"repeat","background-position":"center center","background-size":"auto","background-attachment":"scroll","background-type":"","background-media":"","overlay-type":"","overlay-color":"","overlay-opacity":"","overlay-gradient":""}},"ast-content-background-meta":{"desktop":{"background-color":"var(--ast-global-color-5)","background-image":"","background-repeat":"repeat","background-position":"center center","background-size":"auto","background-attachment":"scroll","background-type":"","background-media":"","overlay-type":"","overlay-color":"","overlay-opacity":"","overlay-gradient":""},"tablet":{"background-color":"var(--ast-global-color-5)","background-image":"","background-repeat":"repeat","background-position":"center center","background-size":"auto","background-attachment":"scroll","background-type":"","background-media":"","overlay-type":"","overlay-color":"","overlay-opacity":"","overlay-gradient":""},"mobile":{"background-color":"var(--ast-global-color-5)","background-image":"","background-repeat":"repeat","background-position":"center center","background-size":"auto","background-attachment":"scroll","background-type":"","background-media":"","overlay-type":"","overlay-color":"","overlay-opacity":"","overlay-gradient":""}}},"product_brand":[],"product_cat":[1534,32],"product_tag":[],"class_list":{"0":"post-25330","1":"product","2":"type-product","3":"status-publish","4":"has-post-thumbnail","6":"product_cat-nexen","7":"product_cat-tires","8":"desktop-align-left","9":"tablet-align-left","10":"mobile-align-left","12":"first","13":"instock","14":"sale","15":"taxable","16":"shipping-taxable","17":"purchasable","18":"product-type-variable"},"uagb_featured_image_src":{"full":["https:\/\/autoscardo.com\/wp-content\/uploads\/2025\/02\/full_nexe_winguardsport2_hires.jpg",800,800,false],"thumbnail":["https:\/\/autoscardo.com\/wp-content\/uploads\/2025\/02\/full_nexe_winguardsport2_hires-150x150.jpg",150,150,true],"medium":["https:\/\/autoscardo.com\/wp-content\/uploads\/2025\/02\/full_nexe_winguardsport2_hires-300x300.jpg",300,300,true],"medium_large":["https:\/\/autoscardo.com\/wp-content\/uploads\/2025\/02\/full_nexe_winguardsport2_hires-768x768.jpg",768,768,true],"large":["https:\/\/autoscardo.com\/wp-content\/uploads\/2025\/02\/full_nexe_winguardsport2_hires.jpg",800,800,false],"1536x1536":["https:\/\/autoscardo.com\/wp-content\/uploads\/2025\/02\/full_nexe_winguardsport2_hires.jpg",800,800,false],"2048x2048":["https:\/\/autoscardo.com\/wp-content\/uploads\/2025\/02\/full_nexe_winguardsport2_hires.jpg",800,800,false],"trp-custom-language-flag":["https:\/\/autoscardo.com\/wp-content\/uploads\/2025\/02\/full_nexe_winguardsport2_hires-12x12.jpg",12,12,true],"woocommerce_thumbnail":["https:\/\/autoscardo.com\/wp-content\/uploads\/2025\/02\/full_nexe_winguardsport2_hires-300x300.jpg",300,300,true],"woocommerce_single":["https:\/\/autoscardo.com\/wp-content\/uploads\/2025\/02\/full_nexe_winguardsport2_hires-600x600.jpg",600,600,true],"woocommerce_gallery_thumbnail":["https:\/\/autoscardo.com\/wp-content\/uploads\/2025\/02\/full_nexe_winguardsport2_hires-100x100.jpg",100,100,true]},"uagb_author_info":{"display_name":"wp_admin_user","author_link":"https:\/\/autoscardo.com\/fr\/author\/"},"uagb_comment_info":0,"uagb_excerpt":"Winter driving and long mileage performance are raised to the next level with the Winguard Sport 2. Its high-density multi-sipe elevates grip for braking on icy and snowy roads, simultaneously increasing longevity. Snowy or dry traction and cornering are improved with the directional tread. Large wide grooves effectively drain water for anti-hydroplaning performance. Ice \/&hellip;","_links":{"self":[{"href":"https:\/\/autoscardo.com\/fr\/wp-json\/wp\/v2\/product\/25330","targetHints":{"allow":["GET"]}}],"collection":[{"href":"https:\/\/autoscardo.com\/fr\/wp-json\/wp\/v2\/product"}],"about":[{"href":"https:\/\/autoscardo.com\/fr\/wp-json\/wp\/v2\/types\/product"}],"replies":[{"embeddable":true,"href":"https:\/\/autoscardo.com\/fr\/wp-json\/wp\/v2\/comments?post=25330"}],"wp:featuredmedia":[{"embeddable":true,"href":"https:\/\/autoscardo.com\/fr\/wp-json\/wp\/v2\/media\/25329"}],"wp:attachment":[{"href":"https:\/\/autoscardo.com\/fr\/wp-json\/wp\/v2\/media?parent=25330"}],"wp:term":[{"taxonomy":"product_brand","embeddable":true,"href":"https:\/\/autoscardo.com\/fr\/wp-json\/wp\/v2\/product_brand?post=25330"},{"taxonomy":"product_cat","embeddable":true,"href":"https:\/\/autoscardo.com\/fr\/wp-json\/wp\/v2\/product_cat?post=25330"},{"taxonomy":"product_tag","embeddable":true,"href":"https:\/\/autoscardo.com\/fr\/wp-json\/wp\/v2\/product_tag?post=25330"}],"curies":[{"name":"wp","href":"https:\/\/api.w.org\/{rel}","templated":true}]}}