{"id":24611,"date":"2025-02-09T12:02:57","date_gmt":"2025-02-09T17:02:57","guid":{"rendered":"https:\/\/autoscardo.com\/product\/proxes-r1r\/"},"modified":"2026-04-03T02:10:40","modified_gmt":"2026-04-03T06:10:40","slug":"proxes-r1r","status":"publish","type":"product","link":"https:\/\/autoscardo.com\/fr\/produit\/proxes-r1r\/","title":{"rendered":"PROXES R1R"},"content":{"rendered":"<p>Le Toyo PROXES R1R est un pneu haute performance con\u00e7u pour la rue et la piste.<br \/>\nConception ultra-moderne qui produit un pneu ultra-rigide sur le flanc, offrant un meilleur support dans les courbes.<br \/>\nConception innovante de bande de roulement en forme de pointe de fl\u00e8che (unidirectionnelle) avec une empreinte extra-large.<br \/>\nLa r\u00e9f\u00e9rence parmi les meilleurs pneus sur surfaces mouill\u00e9es (sur la piste ou sur la route).<\/p>\n<p>Usure : 6 \/ 10<br \/>\nStabilit\u00e9 \/ Haute vitesse : 10 \/ 10<br \/>\nPerformance \/ Sec : 9,5 \/ 10<br \/>\nPerformance \/ Mouill\u00e9 : 10 \/ 10<br \/>\nConfort \/ Virage : 10 \/ 10<\/p>","protected":false},"excerpt":{"rendered":"<p>The Toyo PROXES R1R is an extreme-performance tire designed for the street and for the track. Ultra-modern design that produces an ultra-rigid tire at the sidewall, providing better support in curves. Innovative tread design in the shape of an arrowhead (unidirectional) with an extra-large imprint. The reference as one of the best tires on wet [&hellip;]<\/p>\n","protected":false},"featured_media":24610,"comment_status":"open","ping_status":"closed","template":"","meta":{"_uag_custom_page_level_css":"","site-sidebar-layout":"default","site-content-layout":"","ast-site-content-layout":"default","site-content-style":"default","site-sidebar-style":"default","ast-global-header-display":"","ast-banner-title-visibility":"","ast-main-header-display":"","ast-hfb-above-header-display":"","ast-hfb-below-header-display":"","ast-hfb-mobile-header-display":"","site-post-title":"","ast-breadcrumbs-content":"","ast-featured-img":"","footer-sml-layout":"","ast-disable-related-posts":"","theme-transparent-header-meta":"","adv-header-id-meta":"","stick-header-meta":"","header-above-stick-meta":"","header-main-stick-meta":"","header-below-stick-meta":"","astra-migrate-meta-layouts":"default","ast-page-background-enabled":"default","ast-page-background-meta":{"desktop":{"background-color":"","background-image":"","background-repeat":"repeat","background-position":"center center","background-size":"auto","background-attachment":"scroll","background-type":"","background-media":"","overlay-type":"","overlay-color":"","overlay-opacity":"","overlay-gradient":""},"tablet":{"background-color":"","background-image":"","background-repeat":"repeat","background-position":"center center","background-size":"auto","background-attachment":"scroll","background-type":"","background-media":"","overlay-type":"","overlay-color":"","overlay-opacity":"","overlay-gradient":""},"mobile":{"background-color":"","background-image":"","background-repeat":"repeat","background-position":"center center","background-size":"auto","background-attachment":"scroll","background-type":"","background-media":"","overlay-type":"","overlay-color":"","overlay-opacity":"","overlay-gradient":""}},"ast-content-background-meta":{"desktop":{"background-color":"var(--ast-global-color-5)","background-image":"","background-repeat":"repeat","background-position":"center center","background-size":"auto","background-attachment":"scroll","background-type":"","background-media":"","overlay-type":"","overlay-color":"","overlay-opacity":"","overlay-gradient":""},"tablet":{"background-color":"var(--ast-global-color-5)","background-image":"","background-repeat":"repeat","background-position":"center center","background-size":"auto","background-attachment":"scroll","background-type":"","background-media":"","overlay-type":"","overlay-color":"","overlay-opacity":"","overlay-gradient":""},"mobile":{"background-color":"var(--ast-global-color-5)","background-image":"","background-repeat":"repeat","background-position":"center center","background-size":"auto","background-attachment":"scroll","background-type":"","background-media":"","overlay-type":"","overlay-color":"","overlay-opacity":"","overlay-gradient":""}}},"product_brand":[],"product_cat":[32,1533],"product_tag":[],"class_list":{"0":"post-24611","1":"product","2":"type-product","3":"status-publish","4":"has-post-thumbnail","6":"product_cat-tires","7":"product_cat-toyo","8":"desktop-align-left","9":"tablet-align-left","10":"mobile-align-left","12":"first","13":"instock","14":"sale","15":"featured","16":"taxable","17":"shipping-taxable","18":"purchasable","19":"product-type-variable"},"uagb_featured_image_src":{"full":["https:\/\/autoscardo.com\/wp-content\/uploads\/2025\/02\/full_toyo_proxesr1r_hires.jpg",800,800,false],"thumbnail":["https:\/\/autoscardo.com\/wp-content\/uploads\/2025\/02\/full_toyo_proxesr1r_hires-150x150.jpg",150,150,true],"medium":["https:\/\/autoscardo.com\/wp-content\/uploads\/2025\/02\/full_toyo_proxesr1r_hires-300x300.jpg",300,300,true],"medium_large":["https:\/\/autoscardo.com\/wp-content\/uploads\/2025\/02\/full_toyo_proxesr1r_hires-768x768.jpg",768,768,true],"large":["https:\/\/autoscardo.com\/wp-content\/uploads\/2025\/02\/full_toyo_proxesr1r_hires.jpg",800,800,false],"1536x1536":["https:\/\/autoscardo.com\/wp-content\/uploads\/2025\/02\/full_toyo_proxesr1r_hires.jpg",800,800,false],"2048x2048":["https:\/\/autoscardo.com\/wp-content\/uploads\/2025\/02\/full_toyo_proxesr1r_hires.jpg",800,800,false],"trp-custom-language-flag":["https:\/\/autoscardo.com\/wp-content\/uploads\/2025\/02\/full_toyo_proxesr1r_hires-12x12.jpg",12,12,true],"woocommerce_thumbnail":["https:\/\/autoscardo.com\/wp-content\/uploads\/2025\/02\/full_toyo_proxesr1r_hires-300x300.jpg",300,300,true],"woocommerce_single":["https:\/\/autoscardo.com\/wp-content\/uploads\/2025\/02\/full_toyo_proxesr1r_hires-600x600.jpg",600,600,true],"woocommerce_gallery_thumbnail":["https:\/\/autoscardo.com\/wp-content\/uploads\/2025\/02\/full_toyo_proxesr1r_hires-100x100.jpg",100,100,true]},"uagb_author_info":{"display_name":"wp_admin_user","author_link":"https:\/\/autoscardo.com\/fr\/author\/"},"uagb_comment_info":0,"uagb_excerpt":"The Toyo PROXES R1R is an extreme-performance tire designed for the street and for the track. Ultra-modern design that produces an ultra-rigid tire at the sidewall, providing better support in curves. Innovative tread design in the shape of an arrowhead (unidirectional) with an extra-large imprint. The reference as one of the best tires on wet&hellip;","_links":{"self":[{"href":"https:\/\/autoscardo.com\/fr\/wp-json\/wp\/v2\/product\/24611","targetHints":{"allow":["GET"]}}],"collection":[{"href":"https:\/\/autoscardo.com\/fr\/wp-json\/wp\/v2\/product"}],"about":[{"href":"https:\/\/autoscardo.com\/fr\/wp-json\/wp\/v2\/types\/product"}],"replies":[{"embeddable":true,"href":"https:\/\/autoscardo.com\/fr\/wp-json\/wp\/v2\/comments?post=24611"}],"wp:featuredmedia":[{"embeddable":true,"href":"https:\/\/autoscardo.com\/fr\/wp-json\/wp\/v2\/media\/24610"}],"wp:attachment":[{"href":"https:\/\/autoscardo.com\/fr\/wp-json\/wp\/v2\/media?parent=24611"}],"wp:term":[{"taxonomy":"product_brand","embeddable":true,"href":"https:\/\/autoscardo.com\/fr\/wp-json\/wp\/v2\/product_brand?post=24611"},{"taxonomy":"product_cat","embeddable":true,"href":"https:\/\/autoscardo.com\/fr\/wp-json\/wp\/v2\/product_cat?post=24611"},{"taxonomy":"product_tag","embeddable":true,"href":"https:\/\/autoscardo.com\/fr\/wp-json\/wp\/v2\/product_tag?post=24611"}],"curies":[{"name":"wp","href":"https:\/\/api.w.org\/{rel}","templated":true}]}}