{"id":24278,"date":"2025-02-09T04:38:06","date_gmt":"2025-02-09T09:38:06","guid":{"rendered":"https:\/\/autoscardo.com\/product\/nfera-sport-r\/"},"modified":"2026-01-23T20:28:31","modified_gmt":"2026-01-24T01:28:31","slug":"nfera-sport-r","status":"publish","type":"product","link":"https:\/\/autoscardo.com\/fr\/produit\/nfera-sport-r\/","title":{"rendered":"NFERA SPORT R"},"content":{"rendered":"<h1 class=\"product_title entry-title\">N\u2019FERA sport R<\/h1>\n<p class=\"price\">\n<div class=\"woocommerce-product-details__short-description\">\n<h5>Performance Extr\u00eame en \u00c9t\u00e9<\/h5>\n<hr \/>\n<p><img decoding=\"async\" src=\"https:\/\/nexentirecanada.com\/wp-content\/uploads\/2024\/02\/nexen_Asset-149-1.svg\" alt=\"\" \/><\/p>\n<h3>PERFORMANCE ULTRA HAUTE EXTR\u00caME<\/h3>\n<p>Le Nexen N'Fera Sport R poss\u00e8de ce m\u00eame niveau d'intensit\u00e9, con\u00e7u au c\u0153ur de son ADN.<br \/>\nAdh\u00e9rence. Contr\u00f4le. Virages. Vitesse et R\u00e9activit\u00e9\u2026 Incroyable.<br \/>\nLe N'Fera Sport R vous permet d'exploiter chaque dernier centim\u00e8tre cube des capacit\u00e9s de votre voiture.<br \/>\nAvec la confiance n\u00e9cessaire pour aborder ce virage un peu plus tard... et en sortir beaucoup plus vite.<br \/>\nContent.<\/p>\n<\/div>\n<p>UTQG<\/p>\n<p>200 A A<\/p>\n<p>Vitesse : W<\/p>\n<p><a href=\"https:\/\/nexentirecanada.com\/tire-lineup\/summer\/specialty\/nfera-sport-r\/\">https:\/\/nexentirecanada.com\/tire-lineup\/summer\/specialty\/nfera-sport-r\/<\/a><\/p>","protected":false},"excerpt":{"rendered":"<p>N\u2019FERA sport R Extreme High Performance Summer EXTREME ULTRA HIGH PERFORMANCE The Nexen N\u2019Fera Sport R has that same level of intensity designed deep into its DNA. Grip. Control. Cornering. Speed and Feedback\u2026 Amazing. The N\u2019Fera Sport R lets you ring out every last cubic inch of your car\u2019s capability with the confidence to enter [&hellip;]<\/p>\n","protected":false},"featured_media":24277,"comment_status":"open","ping_status":"closed","template":"","meta":{"_uag_custom_page_level_css":"","site-sidebar-layout":"default","site-content-layout":"","ast-site-content-layout":"default","site-content-style":"default","site-sidebar-style":"default","ast-global-header-display":"","ast-banner-title-visibility":"","ast-main-header-display":"","ast-hfb-above-header-display":"","ast-hfb-below-header-display":"","ast-hfb-mobile-header-display":"","site-post-title":"","ast-breadcrumbs-content":"","ast-featured-img":"","footer-sml-layout":"","ast-disable-related-posts":"","theme-transparent-header-meta":"default","adv-header-id-meta":"","stick-header-meta":"","header-above-stick-meta":"","header-main-stick-meta":"","header-below-stick-meta":"","astra-migrate-meta-layouts":"set","ast-page-background-enabled":"default","ast-page-background-meta":{"desktop":{"background-color":"","background-image":"","background-repeat":"repeat","background-position":"center center","background-size":"auto","background-attachment":"scroll","background-type":"","background-media":"","overlay-type":"","overlay-color":"","overlay-opacity":"","overlay-gradient":""},"tablet":{"background-color":"","background-image":"","background-repeat":"repeat","background-position":"center center","background-size":"auto","background-attachment":"scroll","background-type":"","background-media":"","overlay-type":"","overlay-color":"","overlay-opacity":"","overlay-gradient":""},"mobile":{"background-color":"","background-image":"","background-repeat":"repeat","background-position":"center center","background-size":"auto","background-attachment":"scroll","background-type":"","background-media":"","overlay-type":"","overlay-color":"","overlay-opacity":"","overlay-gradient":""}},"ast-content-background-meta":{"desktop":{"background-color":"var(--ast-global-color-5)","background-image":"","background-repeat":"repeat","background-position":"center center","background-size":"auto","background-attachment":"scroll","background-type":"","background-media":"","overlay-type":"","overlay-color":"","overlay-opacity":"","overlay-gradient":""},"tablet":{"background-color":"var(--ast-global-color-5)","background-image":"","background-repeat":"repeat","background-position":"center center","background-size":"auto","background-attachment":"scroll","background-type":"","background-media":"","overlay-type":"","overlay-color":"","overlay-opacity":"","overlay-gradient":""},"mobile":{"background-color":"var(--ast-global-color-5)","background-image":"","background-repeat":"repeat","background-position":"center center","background-size":"auto","background-attachment":"scroll","background-type":"","background-media":"","overlay-type":"","overlay-color":"","overlay-opacity":"","overlay-gradient":""}}},"product_brand":[],"product_cat":[1534,32],"product_tag":[],"class_list":{"0":"post-24278","1":"product","2":"type-product","3":"status-publish","4":"has-post-thumbnail","6":"product_cat-nexen","7":"product_cat-tires","8":"desktop-align-left","9":"tablet-align-left","10":"mobile-align-left","12":"first","13":"instock","14":"sale","15":"featured","16":"taxable","17":"shipping-taxable","18":"purchasable","19":"product-type-variable"},"uagb_featured_image_src":{"full":["https:\/\/autoscardo.com\/wp-content\/uploads\/2025\/02\/full_Nfera20Sport20R_hires.jpg",800,800,false],"thumbnail":["https:\/\/autoscardo.com\/wp-content\/uploads\/2025\/02\/full_Nfera20Sport20R_hires-150x150.jpg",150,150,true],"medium":["https:\/\/autoscardo.com\/wp-content\/uploads\/2025\/02\/full_Nfera20Sport20R_hires-300x300.jpg",300,300,true],"medium_large":["https:\/\/autoscardo.com\/wp-content\/uploads\/2025\/02\/full_Nfera20Sport20R_hires-768x768.jpg",768,768,true],"large":["https:\/\/autoscardo.com\/wp-content\/uploads\/2025\/02\/full_Nfera20Sport20R_hires.jpg",800,800,false],"1536x1536":["https:\/\/autoscardo.com\/wp-content\/uploads\/2025\/02\/full_Nfera20Sport20R_hires.jpg",800,800,false],"2048x2048":["https:\/\/autoscardo.com\/wp-content\/uploads\/2025\/02\/full_Nfera20Sport20R_hires.jpg",800,800,false],"trp-custom-language-flag":["https:\/\/autoscardo.com\/wp-content\/uploads\/2025\/02\/full_Nfera20Sport20R_hires-12x12.jpg",12,12,true],"woocommerce_thumbnail":["https:\/\/autoscardo.com\/wp-content\/uploads\/2025\/02\/full_Nfera20Sport20R_hires-300x300.jpg",300,300,true],"woocommerce_single":["https:\/\/autoscardo.com\/wp-content\/uploads\/2025\/02\/full_Nfera20Sport20R_hires-600x600.jpg",600,600,true],"woocommerce_gallery_thumbnail":["https:\/\/autoscardo.com\/wp-content\/uploads\/2025\/02\/full_Nfera20Sport20R_hires-100x100.jpg",100,100,true]},"uagb_author_info":{"display_name":"wp_admin_user","author_link":"https:\/\/autoscardo.com\/fr\/author\/"},"uagb_comment_info":0,"uagb_excerpt":"N\u2019FERA sport R Extreme High Performance Summer EXTREME ULTRA HIGH PERFORMANCE The Nexen N\u2019Fera Sport R has that same level of intensity designed deep into its DNA. Grip. Control. Cornering. Speed and Feedback\u2026 Amazing. The N\u2019Fera Sport R lets you ring out every last cubic inch of your car\u2019s capability with the confidence to enter&hellip;","_links":{"self":[{"href":"https:\/\/autoscardo.com\/fr\/wp-json\/wp\/v2\/product\/24278","targetHints":{"allow":["GET"]}}],"collection":[{"href":"https:\/\/autoscardo.com\/fr\/wp-json\/wp\/v2\/product"}],"about":[{"href":"https:\/\/autoscardo.com\/fr\/wp-json\/wp\/v2\/types\/product"}],"replies":[{"embeddable":true,"href":"https:\/\/autoscardo.com\/fr\/wp-json\/wp\/v2\/comments?post=24278"}],"wp:featuredmedia":[{"embeddable":true,"href":"https:\/\/autoscardo.com\/fr\/wp-json\/wp\/v2\/media\/24277"}],"wp:attachment":[{"href":"https:\/\/autoscardo.com\/fr\/wp-json\/wp\/v2\/media?parent=24278"}],"wp:term":[{"taxonomy":"product_brand","embeddable":true,"href":"https:\/\/autoscardo.com\/fr\/wp-json\/wp\/v2\/product_brand?post=24278"},{"taxonomy":"product_cat","embeddable":true,"href":"https:\/\/autoscardo.com\/fr\/wp-json\/wp\/v2\/product_cat?post=24278"},{"taxonomy":"product_tag","embeddable":true,"href":"https:\/\/autoscardo.com\/fr\/wp-json\/wp\/v2\/product_tag?post=24278"}],"curies":[{"name":"wp","href":"https:\/\/api.w.org\/{rel}","templated":true}]}}