{"id":24256,"date":"2025-02-09T04:34:21","date_gmt":"2025-02-09T09:34:21","guid":{"rendered":"https:\/\/autoscardo.com\/product\/potenza-re-71rs\/"},"modified":"2026-04-03T13:09:15","modified_gmt":"2026-04-03T17:09:15","slug":"potenza-re-71rs","status":"publish","type":"product","link":"https:\/\/autoscardo.com\/fr\/produit\/potenza-re-71rs\/","title":{"rendered":"POTENZA RE-71RS"},"content":{"rendered":"<p>Performance sur sol sec.<br \/>\nPerformance sur sol mouill\u00e9.<br \/>\nConfort de conduite.<br \/>\nVitesse de pole position pour stimuler votre esprit comp\u00e9titif. Le Bridgestone Potenza RE-71RS offre une meilleure adh\u00e9rence en virage et des temps au tour fulgurants pour vous aider \u00e0 r\u00e9ussir \u00e0 chaque fois que vous prenez la piste.<\/p>\n<p>Stabilit\u00e9 \/ Haute vitesse : 10 \/ 10<br \/>\nPerformance \/ Sec : 10 \/ 10<br \/>\nPerformance \/ Mouill\u00e9 : 7.5 \/ 10<br \/>\nConfort \/ Virage : 10 \/ 10<br \/>\nUsure : 6 \/ 10<\/p>","protected":false},"excerpt":{"rendered":"<p>Dry Performance. Wet Performance. Ride Comfort. Pole position speed to chase your competitive spirit. The Bridgestone Potenza RE-71RS delivers improved corner grip and blistering lap times to help you capture success every time you hit the track. Stability \/ High speed : 10 \/ 10 Performance \/ Dry : 10 \/ 10 Performance \/ Wet [&hellip;]<\/p>\n","protected":false},"featured_media":24255,"comment_status":"open","ping_status":"closed","template":"","meta":{"_uag_custom_page_level_css":"","site-sidebar-layout":"default","site-content-layout":"","ast-site-content-layout":"default","site-content-style":"default","site-sidebar-style":"default","ast-global-header-display":"","ast-banner-title-visibility":"","ast-main-header-display":"","ast-hfb-above-header-display":"","ast-hfb-below-header-display":"","ast-hfb-mobile-header-display":"","site-post-title":"","ast-breadcrumbs-content":"","ast-featured-img":"","footer-sml-layout":"","ast-disable-related-posts":"","theme-transparent-header-meta":"","adv-header-id-meta":"","stick-header-meta":"","header-above-stick-meta":"","header-main-stick-meta":"","header-below-stick-meta":"","astra-migrate-meta-layouts":"default","ast-page-background-enabled":"default","ast-page-background-meta":{"desktop":{"background-color":"","background-image":"","background-repeat":"repeat","background-position":"center center","background-size":"auto","background-attachment":"scroll","background-type":"","background-media":"","overlay-type":"","overlay-color":"","overlay-opacity":"","overlay-gradient":""},"tablet":{"background-color":"","background-image":"","background-repeat":"repeat","background-position":"center center","background-size":"auto","background-attachment":"scroll","background-type":"","background-media":"","overlay-type":"","overlay-color":"","overlay-opacity":"","overlay-gradient":""},"mobile":{"background-color":"","background-image":"","background-repeat":"repeat","background-position":"center center","background-size":"auto","background-attachment":"scroll","background-type":"","background-media":"","overlay-type":"","overlay-color":"","overlay-opacity":"","overlay-gradient":""}},"ast-content-background-meta":{"desktop":{"background-color":"var(--ast-global-color-5)","background-image":"","background-repeat":"repeat","background-position":"center center","background-size":"auto","background-attachment":"scroll","background-type":"","background-media":"","overlay-type":"","overlay-color":"","overlay-opacity":"","overlay-gradient":""},"tablet":{"background-color":"var(--ast-global-color-5)","background-image":"","background-repeat":"repeat","background-position":"center center","background-size":"auto","background-attachment":"scroll","background-type":"","background-media":"","overlay-type":"","overlay-color":"","overlay-opacity":"","overlay-gradient":""},"mobile":{"background-color":"var(--ast-global-color-5)","background-image":"","background-repeat":"repeat","background-position":"center center","background-size":"auto","background-attachment":"scroll","background-type":"","background-media":"","overlay-type":"","overlay-color":"","overlay-opacity":"","overlay-gradient":""}}},"product_brand":[],"product_cat":[1523,32],"product_tag":[],"class_list":{"0":"post-24256","1":"product","2":"type-product","3":"status-publish","4":"has-post-thumbnail","6":"product_cat-bridgestone","7":"product_cat-tires","8":"desktop-align-left","9":"tablet-align-left","10":"mobile-align-left","12":"first","13":"instock","14":"featured","15":"taxable","16":"shipping-taxable","17":"purchasable","18":"product-type-variable"},"uagb_featured_image_src":{"full":["https:\/\/autoscardo.com\/wp-content\/uploads\/2025\/02\/full_brid_potenza_re_71rs_hires.jpg",800,800,false],"thumbnail":["https:\/\/autoscardo.com\/wp-content\/uploads\/2025\/02\/full_brid_potenza_re_71rs_hires-150x150.jpg",150,150,true],"medium":["https:\/\/autoscardo.com\/wp-content\/uploads\/2025\/02\/full_brid_potenza_re_71rs_hires-300x300.jpg",300,300,true],"medium_large":["https:\/\/autoscardo.com\/wp-content\/uploads\/2025\/02\/full_brid_potenza_re_71rs_hires-768x768.jpg",768,768,true],"large":["https:\/\/autoscardo.com\/wp-content\/uploads\/2025\/02\/full_brid_potenza_re_71rs_hires.jpg",800,800,false],"1536x1536":["https:\/\/autoscardo.com\/wp-content\/uploads\/2025\/02\/full_brid_potenza_re_71rs_hires.jpg",800,800,false],"2048x2048":["https:\/\/autoscardo.com\/wp-content\/uploads\/2025\/02\/full_brid_potenza_re_71rs_hires.jpg",800,800,false],"trp-custom-language-flag":["https:\/\/autoscardo.com\/wp-content\/uploads\/2025\/02\/full_brid_potenza_re_71rs_hires-12x12.jpg",12,12,true],"woocommerce_thumbnail":["https:\/\/autoscardo.com\/wp-content\/uploads\/2025\/02\/full_brid_potenza_re_71rs_hires-300x300.jpg",300,300,true],"woocommerce_single":["https:\/\/autoscardo.com\/wp-content\/uploads\/2025\/02\/full_brid_potenza_re_71rs_hires-600x600.jpg",600,600,true],"woocommerce_gallery_thumbnail":["https:\/\/autoscardo.com\/wp-content\/uploads\/2025\/02\/full_brid_potenza_re_71rs_hires-100x100.jpg",100,100,true]},"uagb_author_info":{"display_name":"wp_admin_user","author_link":"https:\/\/autoscardo.com\/fr\/author\/"},"uagb_comment_info":0,"uagb_excerpt":"Dry Performance. Wet Performance. Ride Comfort. Pole position speed to chase your competitive spirit. The Bridgestone Potenza RE-71RS delivers improved corner grip and blistering lap times to help you capture success every time you hit the track. Stability \/ High speed : 10 \/ 10 Performance \/ Dry : 10 \/ 10 Performance \/ Wet&hellip;","_links":{"self":[{"href":"https:\/\/autoscardo.com\/fr\/wp-json\/wp\/v2\/product\/24256","targetHints":{"allow":["GET"]}}],"collection":[{"href":"https:\/\/autoscardo.com\/fr\/wp-json\/wp\/v2\/product"}],"about":[{"href":"https:\/\/autoscardo.com\/fr\/wp-json\/wp\/v2\/types\/product"}],"replies":[{"embeddable":true,"href":"https:\/\/autoscardo.com\/fr\/wp-json\/wp\/v2\/comments?post=24256"}],"wp:featuredmedia":[{"embeddable":true,"href":"https:\/\/autoscardo.com\/fr\/wp-json\/wp\/v2\/media\/24255"}],"wp:attachment":[{"href":"https:\/\/autoscardo.com\/fr\/wp-json\/wp\/v2\/media?parent=24256"}],"wp:term":[{"taxonomy":"product_brand","embeddable":true,"href":"https:\/\/autoscardo.com\/fr\/wp-json\/wp\/v2\/product_brand?post=24256"},{"taxonomy":"product_cat","embeddable":true,"href":"https:\/\/autoscardo.com\/fr\/wp-json\/wp\/v2\/product_cat?post=24256"},{"taxonomy":"product_tag","embeddable":true,"href":"https:\/\/autoscardo.com\/fr\/wp-json\/wp\/v2\/product_tag?post=24256"}],"curies":[{"name":"wp","href":"https:\/\/api.w.org\/{rel}","templated":true}]}}