{"id":23976,"date":"2025-01-26T15:04:20","date_gmt":"2025-01-26T20:04:20","guid":{"rendered":"https:\/\/autoscardo.com\/site356\/?page_id=23976"},"modified":"2025-01-26T15:04:20","modified_gmt":"2025-01-26T20:04:20","slug":"driver-video-portal","status":"publish","type":"page","link":"https:\/\/autoscardo.com\/fr\/driver-video-portal\/","title":{"rendered":"Driver Video Portal"},"content":{"rendered":"<p><strong>Reconnaissance vid\u00e9o pilot\u00e9e par l'IA pour les voitures de drift (investissement 2025\/2026)<\/strong><\/p>\n\n\n\n<p>En 2025\/2026, nous investirons dans une technologie d\u2019intelligence artificielle de pointe pour am\u00e9liorer votre exp\u00e9rience lors des \u00e9v\u00e9nements de drift. Notre objectif est de d\u00e9velopper un mod\u00e8le de reconnaissance vid\u00e9o avanc\u00e9 capable d\u2019identifier la voiture unique de chaque pilote. Cela permettra \u00e0 l\u2019IA d\u2019extraire et d\u2019isoler automatiquement des sections de votre voiture \u00e0 partir des images de l\u2019\u00e9v\u00e9nement, vous donnant la possibilit\u00e9 de pr\u00e9visualiser et de t\u00e9l\u00e9charger ces clips de haute qualit\u00e9.<\/p>\n\n\n\n<p>Cette innovation apportera:<\/p>\n\n\n\n<ul class=\"wp-block-list\">\n<li><strong>Acc\u00e8s rapide:<\/strong> Pas besoin de passer des heures \u00e0 parcourir des s\u00e9quences. L'IA identifiera et isolera les moments o\u00f9 se trouve votre voiture dans la vid\u00e9o, vous faisant ainsi gagner du temps et des efforts.<\/li>\n\n\n\n<li><strong>Clips personnalis\u00e9s:<\/strong> Obtenez des extraits personnalis\u00e9s des meilleurs moments de votre voiture, parfaits pour partager ou ajouter \u00e0 votre collection personnelle.<\/li>\n\n\n\n<li><strong>T\u00e9l\u00e9chargements faciles:<\/strong> Pr\u00e9visualisez et t\u00e9l\u00e9chargez en toute transparence des sections vid\u00e9o pr\u00e9sentant votre voiture, directement \u00e0 partir des images de l'\u00e9v\u00e9nement.<\/li>\n<\/ul>\n\n\n\n<p>Restez \u00e0 l\u2019\u00e9coute de ce d\u00e9veloppement passionnant alors que nous continuons \u00e0 repousser les limites de l\u2019IA et du sport automobile\u00a0!<\/p>\n\n\n\n<p><\/p>","protected":false},"excerpt":{"rendered":"<p>AI-Driven Video Recognition for Drift Cars (2025\/2026 Investment) In 2025\/2026, we will be investing in cutting-edge AI technology to enhance your experience at drift events. Our goal is to develop an advanced video recognition model capable of identifying each driver&#8217;s unique car. This will enable the AI to automatically extract and isolate sections of your [&hellip;]<\/p>\n","protected":false},"author":1,"featured_media":0,"parent":0,"menu_order":0,"comment_status":"closed","ping_status":"closed","template":"","meta":{"_uag_custom_page_level_css":"","site-sidebar-layout":"default","site-content-layout":"","ast-site-content-layout":"default","site-content-style":"default","site-sidebar-style":"default","ast-global-header-display":"","ast-banner-title-visibility":"","ast-main-header-display":"","ast-hfb-above-header-display":"","ast-hfb-below-header-display":"","ast-hfb-mobile-header-display":"","site-post-title":"disabled","ast-breadcrumbs-content":"","ast-featured-img":"","footer-sml-layout":"","ast-disable-related-posts":"","theme-transparent-header-meta":"","adv-header-id-meta":"","stick-header-meta":"","header-above-stick-meta":"","header-main-stick-meta":"","header-below-stick-meta":"","astra-migrate-meta-layouts":"set","ast-page-background-enabled":"default","ast-page-background-meta":{"desktop":{"background-color":"","background-image":"","background-repeat":"repeat","background-position":"center center","background-size":"auto","background-attachment":"scroll","background-type":"","background-media":"","overlay-type":"","overlay-color":"","overlay-opacity":"","overlay-gradient":""},"tablet":{"background-color":"","background-image":"","background-repeat":"repeat","background-position":"center center","background-size":"auto","background-attachment":"scroll","background-type":"","background-media":"","overlay-type":"","overlay-color":"","overlay-opacity":"","overlay-gradient":""},"mobile":{"background-color":"","background-image":"","background-repeat":"repeat","background-position":"center center","background-size":"auto","background-attachment":"scroll","background-type":"","background-media":"","overlay-type":"","overlay-color":"","overlay-opacity":"","overlay-gradient":""}},"ast-content-background-meta":{"desktop":{"background-color":"var(--ast-global-color-5)","background-image":"","background-repeat":"repeat","background-position":"center center","background-size":"auto","background-attachment":"scroll","background-type":"","background-media":"","overlay-type":"","overlay-color":"","overlay-opacity":"","overlay-gradient":""},"tablet":{"background-color":"var(--ast-global-color-5)","background-image":"","background-repeat":"repeat","background-position":"center center","background-size":"auto","background-attachment":"scroll","background-type":"","background-media":"","overlay-type":"","overlay-color":"","overlay-opacity":"","overlay-gradient":""},"mobile":{"background-color":"var(--ast-global-color-5)","background-image":"","background-repeat":"repeat","background-position":"center center","background-size":"auto","background-attachment":"scroll","background-type":"","background-media":"","overlay-type":"","overlay-color":"","overlay-opacity":"","overlay-gradient":""}},"footnotes":""},"class_list":["post-23976","page","type-page","status-publish","hentry"],"uagb_featured_image_src":{"full":false,"thumbnail":false,"medium":false,"medium_large":false,"large":false,"1536x1536":false,"2048x2048":false,"trp-custom-language-flag":false,"woocommerce_thumbnail":false,"woocommerce_single":false,"woocommerce_gallery_thumbnail":false},"uagb_author_info":{"display_name":"wp_admin_user","author_link":"https:\/\/autoscardo.com\/fr\/author\/wp_admin_user\/"},"uagb_comment_info":0,"uagb_excerpt":"AI-Driven Video Recognition for Drift Cars (2025\/2026 Investment) In 2025\/2026, we will be investing in cutting-edge AI technology to enhance your experience at drift events. Our goal is to develop an advanced video recognition model capable of identifying each driver&#8217;s unique car. This will enable the AI to automatically extract and isolate sections of your&hellip;","_links":{"self":[{"href":"https:\/\/autoscardo.com\/fr\/wp-json\/wp\/v2\/pages\/23976","targetHints":{"allow":["GET"]}}],"collection":[{"href":"https:\/\/autoscardo.com\/fr\/wp-json\/wp\/v2\/pages"}],"about":[{"href":"https:\/\/autoscardo.com\/fr\/wp-json\/wp\/v2\/types\/page"}],"author":[{"embeddable":true,"href":"https:\/\/autoscardo.com\/fr\/wp-json\/wp\/v2\/users\/1"}],"replies":[{"embeddable":true,"href":"https:\/\/autoscardo.com\/fr\/wp-json\/wp\/v2\/comments?post=23976"}],"version-history":[{"count":1,"href":"https:\/\/autoscardo.com\/fr\/wp-json\/wp\/v2\/pages\/23976\/revisions"}],"predecessor-version":[{"id":23977,"href":"https:\/\/autoscardo.com\/fr\/wp-json\/wp\/v2\/pages\/23976\/revisions\/23977"}],"wp:attachment":[{"href":"https:\/\/autoscardo.com\/fr\/wp-json\/wp\/v2\/media?parent=23976"}],"curies":[{"name":"wp","href":"https:\/\/api.w.org\/{rel}","templated":true}]}}