{"id":23928,"date":"2025-01-26T01:58:20","date_gmt":"2025-01-26T06:58:20","guid":{"rendered":"https:\/\/autoscardo.com\/site356\/?page_id=23928"},"modified":"2025-01-26T13:17:29","modified_gmt":"2025-01-26T18:17:29","slug":"follow-to-ride","status":"publish","type":"page","link":"https:\/\/autoscardo.com\/fr\/follow-to-ride\/","title":{"rendered":"Suivre pour Rouler"},"content":{"rendered":"<h3 class=\"wp-block-heading\"><strong>Suivez pour Rouler : L'Exp\u00e9rience de Drift Ultime<\/strong><\/h3>\n\n\n\n<p>Avez-vous d\u00e9j\u00e0 r\u00eav\u00e9 de vivre l'adr\u00e9naline du drift depuis le si\u00e8ge passager ? Avec notre <strong>\u201cSuivez pour Rouler\"<\/strong> programme, ce r\u00eave peut devenir r\u00e9alit\u00e9!<\/p>\n\n\n\n<p>Voici comment cela fonctionne:<\/p>\n\n\n\n<ol class=\"wp-block-list\">\n<li><strong>Suivez-nous<\/strong> sur Instagram et restez \u00e0 l'\u00e9coute pour les mises \u00e0 jour.<\/li>\n\n\n\n<li><strong>Trouvez-Nous<\/strong> lors des journ\u00e9es d'\u00e9v\u00e9nements de drift ouverts tout au long de la saison.<\/li>\n\n\n\n<li><strong>Tour en Passager<\/strong> dans notre 370Z twin-turbo et ressentez l'adr\u00e9naline pendant que nous le faisons glisser sur la piste !<\/li>\n<\/ol>\n\n\n\n<p>Maintenant dans sa <strong>deuxi\u00e8me ann\u00e9e<\/strong>, ce programme rencontre un immense succ\u00e8s, et nous n'avons pas l'intention de nous arr\u00eater de sit\u00f4t. <strong>2025<\/strong> pourrait apporter des mises \u00e0 jour passionnantes au programme, mais une chose est s\u00fbre : votre chance de faire un tour avec nous ne dispara\u00eetra pas.<\/p>\n\n\n\n<p>Ne manquez pas cette occasion de vivre une exp\u00e9rience de drift de pr\u00e8s. Continuez \u00e0 nous suivre, participez et pr\u00e9parez-vous \u00e0 une aventure inoubliable.<\/p>\n\n\n\n<p><strong>Le plaisir ne fait que commencer!<\/strong><\/p>","protected":false},"excerpt":{"rendered":"<p>Follow to Ride: The Ultimate Drift Experience Ever dreamt of experiencing the thrill of drifting from the passenger seat? With our &#8220;Follow to Ride&#8221; program, that dream can come true! Here\u2019s how it works: Now in its second year, this program has been a huge hit, and we\u2019re not stopping anytime soon. 2025 might bring [&hellip;]<\/p>\n","protected":false},"author":1,"featured_media":0,"parent":0,"menu_order":0,"comment_status":"closed","ping_status":"closed","template":"","meta":{"_uag_custom_page_level_css":"","site-sidebar-layout":"default","site-content-layout":"","ast-site-content-layout":"default","site-content-style":"default","site-sidebar-style":"default","ast-global-header-display":"","ast-banner-title-visibility":"","ast-main-header-display":"","ast-hfb-above-header-display":"","ast-hfb-below-header-display":"","ast-hfb-mobile-header-display":"","site-post-title":"disabled","ast-breadcrumbs-content":"","ast-featured-img":"","footer-sml-layout":"","ast-disable-related-posts":"","theme-transparent-header-meta":"","adv-header-id-meta":"","stick-header-meta":"","header-above-stick-meta":"","header-main-stick-meta":"","header-below-stick-meta":"","astra-migrate-meta-layouts":"set","ast-page-background-enabled":"default","ast-page-background-meta":{"desktop":{"background-color":"","background-image":"","background-repeat":"repeat","background-position":"center center","background-size":"auto","background-attachment":"scroll","background-type":"","background-media":"","overlay-type":"","overlay-color":"","overlay-opacity":"","overlay-gradient":""},"tablet":{"background-color":"","background-image":"","background-repeat":"repeat","background-position":"center center","background-size":"auto","background-attachment":"scroll","background-type":"","background-media":"","overlay-type":"","overlay-color":"","overlay-opacity":"","overlay-gradient":""},"mobile":{"background-color":"","background-image":"","background-repeat":"repeat","background-position":"center center","background-size":"auto","background-attachment":"scroll","background-type":"","background-media":"","overlay-type":"","overlay-color":"","overlay-opacity":"","overlay-gradient":""}},"ast-content-background-meta":{"desktop":{"background-color":"var(--ast-global-color-5)","background-image":"","background-repeat":"repeat","background-position":"center center","background-size":"auto","background-attachment":"scroll","background-type":"","background-media":"","overlay-type":"","overlay-color":"","overlay-opacity":"","overlay-gradient":""},"tablet":{"background-color":"var(--ast-global-color-5)","background-image":"","background-repeat":"repeat","background-position":"center center","background-size":"auto","background-attachment":"scroll","background-type":"","background-media":"","overlay-type":"","overlay-color":"","overlay-opacity":"","overlay-gradient":""},"mobile":{"background-color":"var(--ast-global-color-5)","background-image":"","background-repeat":"repeat","background-position":"center center","background-size":"auto","background-attachment":"scroll","background-type":"","background-media":"","overlay-type":"","overlay-color":"","overlay-opacity":"","overlay-gradient":""}},"footnotes":""},"class_list":["post-23928","page","type-page","status-publish","hentry"],"uagb_featured_image_src":{"full":false,"thumbnail":false,"medium":false,"medium_large":false,"large":false,"1536x1536":false,"2048x2048":false,"trp-custom-language-flag":false,"woocommerce_thumbnail":false,"woocommerce_single":false,"woocommerce_gallery_thumbnail":false},"uagb_author_info":{"display_name":"wp_admin_user","author_link":"https:\/\/autoscardo.com\/fr\/author\/wp_admin_user\/"},"uagb_comment_info":0,"uagb_excerpt":"Follow to Ride: The Ultimate Drift Experience Ever dreamt of experiencing the thrill of drifting from the passenger seat? With our &#8220;Follow to Ride&#8221; program, that dream can come true! Here\u2019s how it works: Now in its second year, this program has been a huge hit, and we\u2019re not stopping anytime soon. 2025 might bring&hellip;","_links":{"self":[{"href":"https:\/\/autoscardo.com\/fr\/wp-json\/wp\/v2\/pages\/23928","targetHints":{"allow":["GET"]}}],"collection":[{"href":"https:\/\/autoscardo.com\/fr\/wp-json\/wp\/v2\/pages"}],"about":[{"href":"https:\/\/autoscardo.com\/fr\/wp-json\/wp\/v2\/types\/page"}],"author":[{"embeddable":true,"href":"https:\/\/autoscardo.com\/fr\/wp-json\/wp\/v2\/users\/1"}],"replies":[{"embeddable":true,"href":"https:\/\/autoscardo.com\/fr\/wp-json\/wp\/v2\/comments?post=23928"}],"version-history":[{"count":3,"href":"https:\/\/autoscardo.com\/fr\/wp-json\/wp\/v2\/pages\/23928\/revisions"}],"predecessor-version":[{"id":23952,"href":"https:\/\/autoscardo.com\/fr\/wp-json\/wp\/v2\/pages\/23928\/revisions\/23952"}],"wp:attachment":[{"href":"https:\/\/autoscardo.com\/fr\/wp-json\/wp\/v2\/media?parent=23928"}],"curies":[{"name":"wp","href":"https:\/\/api.w.org\/{rel}","templated":true}]}}