{"id":23789,"date":"2024-03-02T18:44:48","date_gmt":"2024-03-02T23:44:48","guid":{"rendered":"https:\/\/autoscardo.com\/site356\/?page_id=23789"},"modified":"2025-10-11T22:47:03","modified_gmt":"2025-10-12T02:47:03","slug":"tirechange","status":"publish","type":"page","link":"https:\/\/autoscardo.com\/fr\/tirechange\/","title":{"rendered":"Changement de Pneus"},"content":{"rendered":"<div class=\"wp-block-uagb-container uagb-block-2540a5fc alignfull uagb-is-root-container\"><div class=\"uagb-container-inner-blocks-wrap\">\n<div class=\"wp-block-uagb-container uagb-block-dd649b5e\">\n<figure class=\"wp-block-image size-large\"><img loading=\"lazy\" decoding=\"async\" width=\"768\" height=\"1024\" src=\"https:\/\/autoscardo.com\/wp-content\/uploads\/2024\/03\/20230707_193808-768x1024.jpg\" alt=\"\" class=\"wp-image-23805\" srcset=\"https:\/\/autoscardo.com\/wp-content\/uploads\/2024\/03\/20230707_193808-768x1024.jpg 768w, https:\/\/autoscardo.com\/wp-content\/uploads\/2024\/03\/20230707_193808-225x300.jpg 225w, https:\/\/autoscardo.com\/wp-content\/uploads\/2024\/03\/20230707_193808-1152x1536.jpg 1152w, https:\/\/autoscardo.com\/wp-content\/uploads\/2024\/03\/20230707_193808-1536x2048.jpg 1536w, https:\/\/autoscardo.com\/wp-content\/uploads\/2024\/03\/20230707_193808-9x12.jpg 9w, https:\/\/autoscardo.com\/wp-content\/uploads\/2024\/03\/20230707_193808-600x800.jpg 600w, https:\/\/autoscardo.com\/wp-content\/uploads\/2024\/03\/20230707_193808-scaled.jpg 1920w\" sizes=\"auto, (max-width: 768px) 100vw, 768px\" \/><\/figure>\n<\/div>\n\n\n\n<div class=\"wp-block-uagb-container uagb-block-73c38d96\">\n<p>Bienvenue sur notre page de service d'installation de pneus! <\/p>\n\n\n\n<p> \u00c9quip\u00e9s de machines \u00e0 pneus \u00e0 la pointe de la technologie, vous pouvez nous faire confiance pour effectuer vos changements de pneus avec pr\u00e9cision et soin. Forts de plus d'une d\u00e9cennie d'exp\u00e9rience en tant que m\u00e9caniciens, soyez assur\u00e9s que votre v\u00e9hicule est entre des mains expertes.<\/p>\n\n\n\n<p>Pour prendre rendez-vous, il vous suffit de nous contacter par SMS, e-mail ou appel t\u00e9l\u00e9phonique. Profitez d\u00e8s aujourd'hui de changements de pneus sans tracas et d'un service exceptionnel avec nous!<\/p>\n<\/div>\n<\/div><\/div>\n\n\n\n<div class=\"wp-block-uagb-container uagb-block-c6098795 alignfull uagb-is-root-container\"><div class=\"uagb-container-inner-blocks-wrap\">\n<div class=\"wp-block-uagb-container uagb-block-699891e1\">\n<div class=\"wp-block-uagb-image uagb-block-6c49cfc5 wp-block-uagb-image--layout-default wp-block-uagb-image--effect-static wp-block-uagb-image--align-none\"><figure class=\"wp-block-uagb-image__figure\"><img decoding=\"async\" srcset=\"https:\/\/autoscardo.com\/wp-content\/uploads\/2024\/03\/20230908_184737-1024x768.jpg ,https:\/\/autoscardo.com\/wp-content\/uploads\/2024\/03\/20230908_184737-scaled.jpg 780w, https:\/\/autoscardo.com\/wp-content\/uploads\/2024\/03\/20230908_184737-scaled.jpg 360w\" sizes=\"auto, (max-width: 480px) 150px\" src=\"https:\/\/autoscardo.com\/wp-content\/uploads\/2024\/03\/20230908_184737-1024x768.jpg\" alt=\"\" class=\"uag-image-23796\" width=\"1024\" height=\"768\" title=\"20230908_184737\" loading=\"lazy\" role=\"img\"\/><\/figure><\/div>\n<\/div>\n\n\n\n<div class=\"wp-block-uagb-container uagb-block-a6820a3f\">\n<figure class=\"wp-block-image size-full\"><img loading=\"lazy\" decoding=\"async\" width=\"515\" height=\"526\" src=\"https:\/\/autoscardo.com\/wp-content\/uploads\/2024\/03\/sm_tire.png\" alt=\"\" class=\"wp-image-23773\" srcset=\"https:\/\/autoscardo.com\/wp-content\/uploads\/2024\/03\/sm_tire.png 515w, https:\/\/autoscardo.com\/wp-content\/uploads\/2024\/03\/sm_tire-294x300.png 294w, https:\/\/autoscardo.com\/wp-content\/uploads\/2024\/03\/sm_tire-12x12.png 12w\" sizes=\"auto, (max-width: 515px) 100vw, 515px\" \/><\/figure>\n<\/div>\n\n\n\n<div class=\"wp-block-uagb-container uagb-block-96ddf83a\">\n<div class=\"wp-block-uagb-image uagb-block-067e1943 wp-block-uagb-image--layout-default wp-block-uagb-image--effect-static wp-block-uagb-image--align-none\"><figure class=\"wp-block-uagb-image__figure\"><img decoding=\"async\" srcset=\"https:\/\/autoscardo.com\/wp-content\/uploads\/2024\/03\/20230707_193814-768x1024.jpg ,https:\/\/autoscardo.com\/wp-content\/uploads\/2024\/03\/20230707_193814-scaled.jpg 780w, https:\/\/autoscardo.com\/wp-content\/uploads\/2024\/03\/20230707_193814-scaled.jpg 360w\" sizes=\"auto, (max-width: 480px) 150px\" src=\"https:\/\/autoscardo.com\/wp-content\/uploads\/2024\/03\/20230707_193814-768x1024.jpg\" alt=\"\" class=\"uag-image-23806\" width=\"262\" height=\"349\" title=\"20230707_193814\" loading=\"lazy\" role=\"img\"\/><\/figure><\/div>\n<\/div>\n<\/div><\/div>","protected":false},"excerpt":{"rendered":"<p>Welcome to our tire installation service page! Equipped with state-of-the-art tire machines, you can trust us to handle your tire changes with precision and care. With over a decade of experience as a mechanic, rest assured that your vehicle is in expert hands. To schedule an appointment, simply reach out to us via text, email, [&hellip;]<\/p>\n","protected":false},"author":1,"featured_media":0,"parent":0,"menu_order":0,"comment_status":"closed","ping_status":"closed","template":"","meta":{"_uag_custom_page_level_css":"","site-sidebar-layout":"default","site-content-layout":"","ast-site-content-layout":"default","site-content-style":"default","site-sidebar-style":"default","ast-global-header-display":"","ast-banner-title-visibility":"","ast-main-header-display":"","ast-hfb-above-header-display":"","ast-hfb-below-header-display":"","ast-hfb-mobile-header-display":"","site-post-title":"disabled","ast-breadcrumbs-content":"","ast-featured-img":"","footer-sml-layout":"","ast-disable-related-posts":"","theme-transparent-header-meta":"","adv-header-id-meta":"","stick-header-meta":"","header-above-stick-meta":"","header-main-stick-meta":"","header-below-stick-meta":"","astra-migrate-meta-layouts":"set","ast-page-background-enabled":"default","ast-page-background-meta":{"desktop":{"background-color":"","background-image":"","background-repeat":"repeat","background-position":"center center","background-size":"auto","background-attachment":"scroll","background-type":"","background-media":"","overlay-type":"","overlay-color":"","overlay-opacity":"","overlay-gradient":""},"tablet":{"background-color":"","background-image":"","background-repeat":"repeat","background-position":"center center","background-size":"auto","background-attachment":"scroll","background-type":"","background-media":"","overlay-type":"","overlay-color":"","overlay-opacity":"","overlay-gradient":""},"mobile":{"background-color":"","background-image":"","background-repeat":"repeat","background-position":"center center","background-size":"auto","background-attachment":"scroll","background-type":"","background-media":"","overlay-type":"","overlay-color":"","overlay-opacity":"","overlay-gradient":""}},"ast-content-background-meta":{"desktop":{"background-color":"var(--ast-global-color-5)","background-image":"","background-repeat":"repeat","background-position":"center center","background-size":"auto","background-attachment":"scroll","background-type":"","background-media":"","overlay-type":"","overlay-color":"","overlay-opacity":"","overlay-gradient":""},"tablet":{"background-color":"var(--ast-global-color-5)","background-image":"","background-repeat":"repeat","background-position":"center center","background-size":"auto","background-attachment":"scroll","background-type":"","background-media":"","overlay-type":"","overlay-color":"","overlay-opacity":"","overlay-gradient":""},"mobile":{"background-color":"var(--ast-global-color-5)","background-image":"","background-repeat":"repeat","background-position":"center center","background-size":"auto","background-attachment":"scroll","background-type":"","background-media":"","overlay-type":"","overlay-color":"","overlay-opacity":"","overlay-gradient":""}},"footnotes":""},"class_list":["post-23789","page","type-page","status-publish","hentry"],"uagb_featured_image_src":{"full":false,"thumbnail":false,"medium":false,"medium_large":false,"large":false,"1536x1536":false,"2048x2048":false,"trp-custom-language-flag":false,"woocommerce_thumbnail":false,"woocommerce_single":false,"woocommerce_gallery_thumbnail":false},"uagb_author_info":{"display_name":"wp_admin_user","author_link":"https:\/\/autoscardo.com\/fr\/author\/wp_admin_user\/"},"uagb_comment_info":0,"uagb_excerpt":"Welcome to our tire installation service page! Equipped with state-of-the-art tire machines, you can trust us to handle your tire changes with precision and care. With over a decade of experience as a mechanic, rest assured that your vehicle is in expert hands. To schedule an appointment, simply reach out to us via text, email,&hellip;","_links":{"self":[{"href":"https:\/\/autoscardo.com\/fr\/wp-json\/wp\/v2\/pages\/23789","targetHints":{"allow":["GET"]}}],"collection":[{"href":"https:\/\/autoscardo.com\/fr\/wp-json\/wp\/v2\/pages"}],"about":[{"href":"https:\/\/autoscardo.com\/fr\/wp-json\/wp\/v2\/types\/page"}],"author":[{"embeddable":true,"href":"https:\/\/autoscardo.com\/fr\/wp-json\/wp\/v2\/users\/1"}],"replies":[{"embeddable":true,"href":"https:\/\/autoscardo.com\/fr\/wp-json\/wp\/v2\/comments?post=23789"}],"version-history":[{"count":8,"href":"https:\/\/autoscardo.com\/fr\/wp-json\/wp\/v2\/pages\/23789\/revisions"}],"predecessor-version":[{"id":51916,"href":"https:\/\/autoscardo.com\/fr\/wp-json\/wp\/v2\/pages\/23789\/revisions\/51916"}],"wp:attachment":[{"href":"https:\/\/autoscardo.com\/fr\/wp-json\/wp\/v2\/media?parent=23789"}],"curies":[{"name":"wp","href":"https:\/\/api.w.org\/{rel}","templated":true}]}}