{"id":23732,"date":"2024-03-01T22:15:03","date_gmt":"2024-03-02T03:15:03","guid":{"rendered":"https:\/\/autoscardo.com\/site356\/?page_id=23732"},"modified":"2025-02-23T21:38:29","modified_gmt":"2025-02-24T02:38:29","slug":"370z","status":"publish","type":"page","link":"https:\/\/autoscardo.com\/fr\/370z\/","title":{"rendered":"Voiture de Rue\/Drift 370z"},"content":{"rendered":"<div class=\"wp-block-uagb-container uagb-block-184b4c01 alignfull uagb-is-root-container\"><div class=\"uagb-container-inner-blocks-wrap\">\n<h2 class=\"wp-block-heading has-text-align-center\">Voiture de Rue\/Drift 370z<\/h2>\n\n\n\n<div class=\"wp-block-uagb-image uagb-block-a8c3861f wp-block-uagb-image--layout-default wp-block-uagb-image--effect-static wp-block-uagb-image--align-none aligncenter\"><figure class=\"wp-block-uagb-image__figure\"><img decoding=\"async\" srcset=\"https:\/\/autoscardo.com\/wp-content\/uploads\/2025\/01\/370z_drift_smoke-edited-820x1024.jpg ,https:\/\/autoscardo.com\/wp-content\/uploads\/2025\/01\/370z_drift_smoke-edited.jpg 780w, https:\/\/autoscardo.com\/wp-content\/uploads\/2025\/01\/370z_drift_smoke-edited.jpg 360w\" sizes=\"auto, (max-width: 480px) 150px\" src=\"https:\/\/autoscardo.com\/wp-content\/uploads\/2025\/01\/370z_drift_smoke-edited-820x1024.jpg\" alt=\"\" class=\"uag-image-23918\" width=\"1180\" height=\"1474\" title=\"370z_drift_smoke\" loading=\"lazy\" role=\"img\"\/><\/figure><\/div>\n\n\n\n<div class=\"wp-block-uagb-container uagb-block-275c3138\">\n<p>La Nissan 370Z de 2010 a subi une transformation compl\u00e8te en une machine de d\u00e9rive sup\u00e9rieure. Elle est \u00e9quip\u00e9e d'un kit biturbo Fast Intentions et fonctionne \u00e0 l'E85. Cette voiture ne manque jamais de faire sensation !<\/p>\n<\/div>\n<\/div><\/div>\n\n\n\n<div class=\"wp-block-uagb-container uagb-block-84192c6d alignfull uagb-is-root-container\"><div class=\"uagb-container-inner-blocks-wrap\">\n<div class=\"wp-block-uagb-container uagb-block-7b819e50\">\n<ul class=\"wp-block-list\">\n<li>2014 Q50 VQ37VHR Engine<\/li>\n\n\n\n<li>Fast Intentions twin turbo kit<\/li>\n\n\n\n<li>11.5 PSI on E85 or 13.5 on 94 octane pump gas with water meth injection<\/li>\n\n\n\n<li>1000cc fuel injectors<\/li>\n\n\n\n<li>Fast Intentions return fuel system<\/li>\n\n\n\n<li>34 Row Oil Cooler with filter relocation kit<\/li>\n\n\n\n<li>450 LPH Walbro Fuel Pump with SPAL Relay<\/li>\n\n\n\n<li>CJM 370Z Billet Aluminum Fuel Pump Hat<\/li>\n\n\n\n<li>In tank transfer fuel pump<\/li>\n\n\n\n<li>CSF Manual Triple Pass Radiator &amp; Condenser<\/li>\n\n\n\n<li>Dual SPAL 14&#8243; Cooling Fans with dual relay<\/li>\n\n\n\n<li>Runs on E85 with Fuel-It ethanol content sensor<\/li>\n\n\n\n<li>ECUTEK Flashed ECU with Pop and Flame Tune by Specialty Z<\/li>\n\n\n\n<li>Dedicated tablet for ECUTEK data logging and live display<\/li>\n\n\n\n<li>AEM Water Meth Injection<\/li>\n\n\n\n<li>HKS Super Fire Racing Spark Plug<\/li>\n\n\n\n<li>Z1 VQ37VHR High-Energy Ignition Coil Pack<\/li>\n\n\n\n<li>Z1 solid engine and transmission mounts<\/li>\n\n\n\n<li>Z1 light flywheel<\/li>\n\n\n\n<li>ACT 6 puck clutch kit<\/li>\n\n\n\n<li>ZSpeed CMAK Clutch Movement Alteration Kit CSC Delete<\/li>\n<\/ul>\n<\/div>\n\n\n\n<div class=\"wp-block-uagb-container uagb-block-160a9ba7\">\n<ul class=\"wp-block-list\">\n<li>370z Brake upgrade Sport Package<\/li>\n\n\n\n<li>Z1 Motorsports 370Z Stainless Steel Brake Lines<\/li>\n\n\n\n<li>GKTech dual rear caliper brackets<\/li>\n\n\n\n<li>GKTech hydraulic handbrake<\/li>\n\n\n\n<li>GKTech axle spacers<\/li>\n\n\n\n<li>GKTech 370z Solid Aluminium Steering Rack Bushings<\/li>\n\n\n\n<li>Welded Diff 3.69<\/li>\n\n\n\n<li>Z1 370Z Aluminum Subframe Bushing Collers<\/li>\n\n\n\n<li>FDF Mild Mantis Angle kit with Inner tie rod relocation kit<\/li>\n\n\n\n<li>Godspeed adjustable front upper control arms<\/li>\n\n\n\n<li>Godspeed adjustable rear toe arms (Spring bucket delete)<\/li>\n\n\n\n<li>Megan Racing adjustable rear upper control arms<\/li>\n\n\n\n<li>Rear adjustable traction arms<\/li>\n\n\n\n<li>Exhaust cut outs<\/li>\n\n\n\n<li>ESP8266 custom data logger over UDP to server with python script to save and display live data over the internet<\/li>\n\n\n\n<li>AEM Wideband 2x<\/li>\n\n\n\n<li>Turbosmart Eboost 2 Boost Controller as a gauge<\/li>\n\n\n\n<li>Rear Window Louvers<\/li>\n\n\n\n<li>Duckbill Trunk Lid Spoiler Wing Ikon Style<\/li>\n\n\n\n<li>Fender Flare Extra Wide Flexible Wheel Arch 115mm<\/li>\n\n\n\n<li>BC Racing Coilovers with custom spring rates<\/li>\n<\/ul>\n<\/div>\n<\/div><\/div>\n\n\n\n<div class=\"wp-block-uagb-container uagb-block-5da5e0a6 alignfull uagb-is-root-container\"><div class=\"uagb-container-inner-blocks-wrap\">\n<div class=\"wp-block-uagb-container uagb-block-c7ed16e2\">\n<figure class=\"wp-block-image size-full\"><img loading=\"lazy\" decoding=\"async\" width=\"1080\" height=\"2400\" src=\"https:\/\/autoscardo.com\/wp-content\/uploads\/2024\/03\/370z_flames2.jpg\" alt=\"\" class=\"wp-image-23738\" srcset=\"https:\/\/autoscardo.com\/wp-content\/uploads\/2024\/03\/370z_flames2.jpg 1080w, https:\/\/autoscardo.com\/wp-content\/uploads\/2024\/03\/370z_flames2-135x300.jpg 135w, https:\/\/autoscardo.com\/wp-content\/uploads\/2024\/03\/370z_flames2-461x1024.jpg 461w, https:\/\/autoscardo.com\/wp-content\/uploads\/2024\/03\/370z_flames2-768x1707.jpg 768w, https:\/\/autoscardo.com\/wp-content\/uploads\/2024\/03\/370z_flames2-691x1536.jpg 691w, https:\/\/autoscardo.com\/wp-content\/uploads\/2024\/03\/370z_flames2-922x2048.jpg 922w, https:\/\/autoscardo.com\/wp-content\/uploads\/2024\/03\/370z_flames2-5x12.jpg 5w, https:\/\/autoscardo.com\/wp-content\/uploads\/2024\/03\/370z_flames2-600x1333.jpg 600w\" sizes=\"auto, (max-width: 1080px) 100vw, 1080px\" \/><\/figure>\n<\/div>\n<\/div><\/div>\n\n\n\n<div class=\"wp-block-uagb-container uagb-block-f3212fea alignfull uagb-is-root-container\"><div class=\"uagb-container-inner-blocks-wrap\">\n<figure class=\"wp-block-image size-full is-resized\"><img loading=\"lazy\" decoding=\"async\" width=\"1200\" height=\"1200\" src=\"https:\/\/autoscardo.com\/wp-content\/uploads\/2025\/01\/370z_trailer_sm.jpg\" alt=\"\" class=\"wp-image-23897\" style=\"width:1180px;height:auto\" srcset=\"https:\/\/autoscardo.com\/wp-content\/uploads\/2025\/01\/370z_trailer_sm.jpg 1200w, https:\/\/autoscardo.com\/wp-content\/uploads\/2025\/01\/370z_trailer_sm-300x300.jpg 300w, https:\/\/autoscardo.com\/wp-content\/uploads\/2025\/01\/370z_trailer_sm-1024x1024.jpg 1024w, https:\/\/autoscardo.com\/wp-content\/uploads\/2025\/01\/370z_trailer_sm-150x150.jpg 150w, https:\/\/autoscardo.com\/wp-content\/uploads\/2025\/01\/370z_trailer_sm-768x768.jpg 768w, https:\/\/autoscardo.com\/wp-content\/uploads\/2025\/01\/370z_trailer_sm-12x12.jpg 12w, https:\/\/autoscardo.com\/wp-content\/uploads\/2025\/01\/370z_trailer_sm-600x600.jpg 600w, https:\/\/autoscardo.com\/wp-content\/uploads\/2025\/01\/370z_trailer_sm-100x100.jpg 100w\" sizes=\"auto, (max-width: 1200px) 100vw, 1200px\" \/><\/figure>\n<\/div><\/div>","protected":false},"excerpt":{"rendered":"<p>370z Street\/Drift Car The 2010 Nissan 370Z has undergone a full transformation into a superior drift machine. It has a Fast Intentions twin turbo kit and runs on E85. This car never fails to put on a show!<\/p>","protected":false},"author":1,"featured_media":0,"parent":0,"menu_order":0,"comment_status":"closed","ping_status":"closed","template":"","meta":{"_uag_custom_page_level_css":"","site-sidebar-layout":"default","site-content-layout":"","ast-site-content-layout":"default","site-content-style":"default","site-sidebar-style":"default","ast-global-header-display":"","ast-banner-title-visibility":"","ast-main-header-display":"","ast-hfb-above-header-display":"","ast-hfb-below-header-display":"","ast-hfb-mobile-header-display":"","site-post-title":"disabled","ast-breadcrumbs-content":"","ast-featured-img":"","footer-sml-layout":"","ast-disable-related-posts":"","theme-transparent-header-meta":"","adv-header-id-meta":"","stick-header-meta":"","header-above-stick-meta":"","header-main-stick-meta":"","header-below-stick-meta":"","astra-migrate-meta-layouts":"set","ast-page-background-enabled":"default","ast-page-background-meta":{"desktop":{"background-color":"","background-image":"","background-repeat":"repeat","background-position":"center center","background-size":"auto","background-attachment":"scroll","background-type":"","background-media":"","overlay-type":"","overlay-color":"","overlay-opacity":"","overlay-gradient":""},"tablet":{"background-color":"","background-image":"","background-repeat":"repeat","background-position":"center center","background-size":"auto","background-attachment":"scroll","background-type":"","background-media":"","overlay-type":"","overlay-color":"","overlay-opacity":"","overlay-gradient":""},"mobile":{"background-color":"","background-image":"","background-repeat":"repeat","background-position":"center center","background-size":"auto","background-attachment":"scroll","background-type":"","background-media":"","overlay-type":"","overlay-color":"","overlay-opacity":"","overlay-gradient":""}},"ast-content-background-meta":{"desktop":{"background-color":"var(--ast-global-color-5)","background-image":"","background-repeat":"repeat","background-position":"center center","background-size":"auto","background-attachment":"scroll","background-type":"","background-media":"","overlay-type":"","overlay-color":"","overlay-opacity":"","overlay-gradient":""},"tablet":{"background-color":"var(--ast-global-color-5)","background-image":"","background-repeat":"repeat","background-position":"center center","background-size":"auto","background-attachment":"scroll","background-type":"","background-media":"","overlay-type":"","overlay-color":"","overlay-opacity":"","overlay-gradient":""},"mobile":{"background-color":"var(--ast-global-color-5)","background-image":"","background-repeat":"repeat","background-position":"center center","background-size":"auto","background-attachment":"scroll","background-type":"","background-media":"","overlay-type":"","overlay-color":"","overlay-opacity":"","overlay-gradient":""}},"footnotes":""},"class_list":["post-23732","page","type-page","status-publish","hentry"],"uagb_featured_image_src":{"full":false,"thumbnail":false,"medium":false,"medium_large":false,"large":false,"1536x1536":false,"2048x2048":false,"trp-custom-language-flag":false,"woocommerce_thumbnail":false,"woocommerce_single":false,"woocommerce_gallery_thumbnail":false},"uagb_author_info":{"display_name":"wp_admin_user","author_link":"https:\/\/autoscardo.com\/fr\/author\/wp_admin_user\/"},"uagb_comment_info":0,"uagb_excerpt":"370z Street\/Drift Car The 2010 Nissan 370Z has undergone a full transformation into a superior drift machine. It has a Fast Intentions twin turbo kit and runs on E85. This car never fails to put on a show!","_links":{"self":[{"href":"https:\/\/autoscardo.com\/fr\/wp-json\/wp\/v2\/pages\/23732","targetHints":{"allow":["GET"]}}],"collection":[{"href":"https:\/\/autoscardo.com\/fr\/wp-json\/wp\/v2\/pages"}],"about":[{"href":"https:\/\/autoscardo.com\/fr\/wp-json\/wp\/v2\/types\/page"}],"author":[{"embeddable":true,"href":"https:\/\/autoscardo.com\/fr\/wp-json\/wp\/v2\/users\/1"}],"replies":[{"embeddable":true,"href":"https:\/\/autoscardo.com\/fr\/wp-json\/wp\/v2\/comments?post=23732"}],"version-history":[{"count":20,"href":"https:\/\/autoscardo.com\/fr\/wp-json\/wp\/v2\/pages\/23732\/revisions"}],"predecessor-version":[{"id":48998,"href":"https:\/\/autoscardo.com\/fr\/wp-json\/wp\/v2\/pages\/23732\/revisions\/48998"}],"wp:attachment":[{"href":"https:\/\/autoscardo.com\/fr\/wp-json\/wp\/v2\/media?parent=23732"}],"curies":[{"name":"wp","href":"https:\/\/api.w.org\/{rel}","templated":true}]}}