{"id":11,"date":"2025-02-17T13:12:14","date_gmt":"2025-02-17T18:12:14","guid":{"rendered":"https:\/\/autoscardo.com\/site\/?page_id=11"},"modified":"2025-02-17T13:12:14","modified_gmt":"2025-02-17T18:12:14","slug":"refund_returns","status":"publish","type":"page","link":"https:\/\/autoscardo.com\/fr\/refund_returns\/","title":{"rendered":"Politique de retours et remboursements"},"content":{"rendered":"<p><strong>Politique de retour<\/strong><\/p>\n\n\n\n<p>Chez AutoScardo, nous souhaitons que vous soyez enti\u00e8rement satisfait de votre achat. Si vous n'\u00eates pas satisfait de votre commande de pneus, nous offrons une politique de retour de 30 jours \u00e0 partir de la date de la commande, sous les conditions suivantes :<\/p>\n\n\n\n<ol class=\"wp-block-list\">\n<li><strong>\u00c9ligibilit\u00e9 au retour :<\/strong>\n<ul class=\"wp-block-list\">\n<li>Les pneus peuvent \u00eatre retourn\u00e9s dans les 30 jours suivant la date d'achat.<\/li>\n\n\n\n<li>Les pneus doivent \u00eatre en \u00e9tat neuf, non utilis\u00e9s et ne doivent pas avoir \u00e9t\u00e9 mont\u00e9s sur une jante ou un v\u00e9hicule.<\/li>\n\n\n\n<li>Les pneus doivent \u00eatre dans leur \u00e9tat d'origine.<\/li>\n<\/ul>\n<\/li>\n\n\n\n<li><strong>Articles non retournables :<\/strong>\n<ul class=\"wp-block-list\">\n<li>Les pneus mont\u00e9s ou install\u00e9s sur un v\u00e9hicule ne peuvent pas \u00eatre retourn\u00e9s.<\/li>\n<\/ul>\n<\/li>\n\n\n\n<li><strong>Processus de retour :<\/strong>\n<ul class=\"wp-block-list\">\n<li>Pour initier un retour, veuillez contacter notre service client avec votre num\u00e9ro de commande.<\/li>\n\n\n\n<li>Le client est responsable du retour, sauf si le pneu est d\u00e9fectueux ou si un mauvais article a \u00e9t\u00e9 r\u00e9cup\u00e9r\u00e9 ou envoy\u00e9.<\/li>\n<\/ul>\n<\/li>\n\n\n\n<li><strong>Remboursements :<\/strong>\n<ul class=\"wp-block-list\">\n<li>Une fois les pneus retourn\u00e9s re\u00e7us et inspect\u00e9s, un remboursement sera effectu\u00e9 sur le mode de paiement d'origine.<\/li>\n\n\n\n<li>Veuillez permettre jusqu'\u00e0 14 jours ouvrables pour que le remboursement soit refl\u00e9t\u00e9 sur votre compte.<\/li>\n<\/ul>\n<\/li>\n<\/ol>\n\n\n\n<p><\/p>","protected":false},"excerpt":{"rendered":"<p>Return Policy At AutoScardo, we want you to be completely satisfied with your purchase. If you are not satisfied with your tire order, we offer a 30-day return policy from the date the order was placed, under the following conditions:<\/p>","protected":false},"author":1,"featured_media":0,"parent":0,"menu_order":0,"comment_status":"closed","ping_status":"closed","template":"","meta":{"_uag_custom_page_level_css":"","site-sidebar-layout":"default","site-content-layout":"","ast-site-content-layout":"default","site-content-style":"default","site-sidebar-style":"default","ast-global-header-display":"","ast-banner-title-visibility":"","ast-main-header-display":"","ast-hfb-above-header-display":"","ast-hfb-below-header-display":"","ast-hfb-mobile-header-display":"","site-post-title":"disabled","ast-breadcrumbs-content":"","ast-featured-img":"","footer-sml-layout":"","ast-disable-related-posts":"","theme-transparent-header-meta":"","adv-header-id-meta":"","stick-header-meta":"","header-above-stick-meta":"","header-main-stick-meta":"","header-below-stick-meta":"","astra-migrate-meta-layouts":"set","ast-page-background-enabled":"default","ast-page-background-meta":{"desktop":{"background-color":"","background-image":"","background-repeat":"repeat","background-position":"center center","background-size":"auto","background-attachment":"scroll","background-type":"","background-media":"","overlay-type":"","overlay-color":"","overlay-opacity":"","overlay-gradient":""},"tablet":{"background-color":"","background-image":"","background-repeat":"repeat","background-position":"center center","background-size":"auto","background-attachment":"scroll","background-type":"","background-media":"","overlay-type":"","overlay-color":"","overlay-opacity":"","overlay-gradient":""},"mobile":{"background-color":"","background-image":"","background-repeat":"repeat","background-position":"center center","background-size":"auto","background-attachment":"scroll","background-type":"","background-media":"","overlay-type":"","overlay-color":"","overlay-opacity":"","overlay-gradient":""}},"ast-content-background-meta":{"desktop":{"background-color":"var(--ast-global-color-5)","background-image":"","background-repeat":"repeat","background-position":"center center","background-size":"auto","background-attachment":"scroll","background-type":"","background-media":"","overlay-type":"","overlay-color":"","overlay-opacity":"","overlay-gradient":""},"tablet":{"background-color":"var(--ast-global-color-5)","background-image":"","background-repeat":"repeat","background-position":"center center","background-size":"auto","background-attachment":"scroll","background-type":"","background-media":"","overlay-type":"","overlay-color":"","overlay-opacity":"","overlay-gradient":""},"mobile":{"background-color":"var(--ast-global-color-5)","background-image":"","background-repeat":"repeat","background-position":"center center","background-size":"auto","background-attachment":"scroll","background-type":"","background-media":"","overlay-type":"","overlay-color":"","overlay-opacity":"","overlay-gradient":""}},"footnotes":""},"class_list":["post-11","page","type-page","status-publish","hentry"],"uagb_featured_image_src":{"full":false,"thumbnail":false,"medium":false,"medium_large":false,"large":false,"1536x1536":false,"2048x2048":false,"trp-custom-language-flag":false,"woocommerce_thumbnail":false,"woocommerce_single":false,"woocommerce_gallery_thumbnail":false},"uagb_author_info":{"display_name":"wp_admin_user","author_link":"https:\/\/autoscardo.com\/fr\/author\/wp_admin_user\/"},"uagb_comment_info":0,"uagb_excerpt":"Return Policy At AutoScardo, we want you to be completely satisfied with your purchase. If you are not satisfied with your tire order, we offer a 30-day return policy from the date the order was placed, under the following conditions:","_links":{"self":[{"href":"https:\/\/autoscardo.com\/fr\/wp-json\/wp\/v2\/pages\/11","targetHints":{"allow":["GET"]}}],"collection":[{"href":"https:\/\/autoscardo.com\/fr\/wp-json\/wp\/v2\/pages"}],"about":[{"href":"https:\/\/autoscardo.com\/fr\/wp-json\/wp\/v2\/types\/page"}],"author":[{"embeddable":true,"href":"https:\/\/autoscardo.com\/fr\/wp-json\/wp\/v2\/users\/1"}],"replies":[{"embeddable":true,"href":"https:\/\/autoscardo.com\/fr\/wp-json\/wp\/v2\/comments?post=11"}],"version-history":[{"count":1,"href":"https:\/\/autoscardo.com\/fr\/wp-json\/wp\/v2\/pages\/11\/revisions"}],"predecessor-version":[{"id":45883,"href":"https:\/\/autoscardo.com\/fr\/wp-json\/wp\/v2\/pages\/11\/revisions\/45883"}],"wp:attachment":[{"href":"https:\/\/autoscardo.com\/fr\/wp-json\/wp\/v2\/media?parent=11"}],"curies":[{"name":"wp","href":"https:\/\/api.w.org\/{rel}","templated":true}]}}